{"id":3667,"date":"2025-07-05T16:54:25","date_gmt":"2025-07-05T16:54:25","guid":{"rendered":"https:\/\/andarserveis.com\/gestao-de-apartamentos-turisticos-e-segundas-residencias\/"},"modified":"2025-08-11T09:27:27","modified_gmt":"2025-08-11T09:27:27","slug":"gestao-de-apartamentos-turisticos-e-segundas-residencias","status":"publish","type":"page","link":"https:\/\/andarserveis.com\/pt-pt\/gestao-de-apartamentos-turisticos-e-segundas-residencias\/","title":{"rendered":"Gest\u00e3o de Apartamentos Tur\u00edsticos e Segundas Resid\u00eancias"},"content":{"rendered":"\n<p class=\"has-medium-font-size\"><strong>Tratamos da gest\u00e3o completa do seu apartamento de f\u00e9rias ou da manuten\u00e7\u00e3o e supervis\u00e3o da sua segunda casa quando estiver ausente.<\/strong><\/p>\n\n\n\n<h2 class=\"wp-block-heading has-text-align-left\">Apartamentos Tur\u00edsticos<\/h2>\n\n\n\n<p class=\"has-text-align-center\"><strong>Oferecemos um servi\u00e7o personalizado que inclui:<\/strong><\/p>\n\n\n<div class=\"wp-block-image\">\n<figure class=\"alignleft size-full is-resized\"><img decoding=\"async\" width=\"623\" height=\"438\" src=\"https:\/\/andarserveis.com\/wp-content\/uploads\/2025\/07\/Turist.png\" alt=\"\" class=\"wp-image-3653\" style=\"width:400px;height:auto\" srcset=\"https:\/\/andarserveis.com\/wp-content\/uploads\/2025\/07\/Turist.png 623w, https:\/\/andarserveis.com\/wp-content\/uploads\/2025\/07\/Turist-300x211.png 300w\" sizes=\"(max-width: 623px) 100vw, 623px\" \/><\/figure>\n<\/div>\n\n\n<p><br><br>\u2726 Check-in e check-out profissional: Recebemos os seus h\u00f3spedes com pontualidade e cortesia, fornecendo-lhes todas as informa\u00e7\u00f5es necess\u00e1rias para uma estadia confort\u00e1vel.<br>\u2726 Limpeza e manuten\u00e7\u00e3o: Garantimos que cada apartamento est\u00e1 impec\u00e1vel antes e depois de cada reserva.<br>\u2726 Aten\u00e7\u00e3o durante toda a estadia: Estaremos \u00e0 disposi\u00e7\u00e3o dos seus h\u00f3spedes para tudo o que necessitem, desde recomenda\u00e7\u00f5es locais at\u00e9 \u00e0 resolu\u00e7\u00e3o de problemas inesperados.<br>\u2726 Gest\u00e3o de reservas e comunica\u00e7\u00e3o: cuidamos dos h\u00f3spedes desde o primeiro contacto at\u00e9 \u00e0 sa\u00edda.<br>\u2726Controlo e Reposi\u00e7\u00e3o de Materiais: Controlamos e repomos, se necess\u00e1rio, materiais como papel higi\u00e9nico, produtos de limpeza, entre outros.<br>\u2726 Cria\u00e7\u00e3o de conte\u00fados e fotos para as nossas redes sociais e website.<\/p>\n\n\n\n<h2 class=\"wp-block-heading has-text-align-left\">Segunda casa<\/h2>\n\n\n<div class=\"wp-block-image\">\n<figure class=\"alignleft size-full is-resized\"><img decoding=\"async\" width=\"1024\" height=\"1024\" src=\"https:\/\/andarserveis.com\/wp-content\/uploads\/2024\/01\/Pisoenandorra_andarserveis.jpg\" alt=\"\" class=\"wp-image-2655\" style=\"width:262px;height:auto\" srcset=\"https:\/\/andarserveis.com\/wp-content\/uploads\/2024\/01\/Pisoenandorra_andarserveis.jpg 1024w, https:\/\/andarserveis.com\/wp-content\/uploads\/2024\/01\/Pisoenandorra_andarserveis-300x300.jpg 300w, https:\/\/andarserveis.com\/wp-content\/uploads\/2024\/01\/Pisoenandorra_andarserveis-150x150.jpg 150w, https:\/\/andarserveis.com\/wp-content\/uploads\/2024\/01\/Pisoenandorra_andarserveis-768x768.jpg 768w\" sizes=\"(max-width: 1024px) 100vw, 1024px\" \/><\/figure>\n<\/div>\n\n\n<p><br>\u2726 Armazenamento seguro de chaves<br>\u2726 Limpeza e manuten\u00e7\u00e3o regulares<br>\u2726 Supervis\u00e3o das instala\u00e7\u00f5es e recolha de correspond\u00eancia<br>\u2726 Entrega das chaves a familiares ou pessoal autorizado<br>\u2726 Monitoriza\u00e7\u00e3o regular para detetar quaisquer incidentes<br>\u2726 Gest\u00e3o de servi\u00e7os (eletricidade, aquecimento, \u00e1gua, etc.)<\/p>\n\n\n\n<p class=\"has-text-align-center\"><strong>N\u00e3o se preocupe com nada. Diverte-se, n\u00f3s cuidamos disso. <\/strong><\/p>\n\n\n\n<p class=\"has-text-align-center has-medium-font-size\"><br><\/p>\n","protected":false},"excerpt":{"rendered":"<p>Tratamos da gest\u00e3o completa do seu apartamento de f\u00e9rias ou da manuten\u00e7\u00e3o e supervis\u00e3o da sua segunda casa quando estiver ausente. Apartamentos Tur\u00edsticos Oferecemos um servi\u00e7o personalizado que inclui: \u2726 Check-in e check-out profissional: Recebemos os seus h\u00f3spedes com pontualidade e cortesia, fornecendo-lhes todas as informa\u00e7\u00f5es necess\u00e1rias para uma estadia confort\u00e1vel.\u2726 Limpeza e manuten\u00e7\u00e3o: Garantimos [&hellip;]<\/p>\n","protected":false},"author":2,"featured_media":0,"parent":0,"menu_order":0,"comment_status":"closed","ping_status":"closed","template":"","meta":{"_seopress_robots_primary_cat":"","_seopress_titles_title":"Gesti\u00f3n de Apartamentos Tur\u00edsticos y Segunda Residencia","_seopress_titles_desc":"Gesti\u00f3n profesional de apartamentos tur\u00edsticos y segunda residencia en Andorra. Mantenimiento, limpieza y atenci\u00f3n personalizada para tu propiedad, est\u00e9s o no est\u00e9s y \r\ngestionamos tu apartamento tur\u00edstico en Andorra: check-in, limpieza, atenci\u00f3n al hu\u00e9sped y optimizaci\u00f3n de reservas. Disfruta de ingresos sin complicaciones.","_seopress_robots_index":"","inline_featured_image":false,"footnotes":""},"class_list":["post-3667","page","type-page","status-publish","hentry"],"_links":{"self":[{"href":"https:\/\/andarserveis.com\/pt-pt\/wp-json\/wp\/v2\/pages\/3667","targetHints":{"allow":["GET"]}}],"collection":[{"href":"https:\/\/andarserveis.com\/pt-pt\/wp-json\/wp\/v2\/pages"}],"about":[{"href":"https:\/\/andarserveis.com\/pt-pt\/wp-json\/wp\/v2\/types\/page"}],"author":[{"embeddable":true,"href":"https:\/\/andarserveis.com\/pt-pt\/wp-json\/wp\/v2\/users\/2"}],"replies":[{"embeddable":true,"href":"https:\/\/andarserveis.com\/pt-pt\/wp-json\/wp\/v2\/comments?post=3667"}],"version-history":[{"count":8,"href":"https:\/\/andarserveis.com\/pt-pt\/wp-json\/wp\/v2\/pages\/3667\/revisions"}],"predecessor-version":[{"id":3886,"href":"https:\/\/andarserveis.com\/pt-pt\/wp-json\/wp\/v2\/pages\/3667\/revisions\/3886"}],"wp:attachment":[{"href":"https:\/\/andarserveis.com\/pt-pt\/wp-json\/wp\/v2\/media?parent=3667"}],"curies":[{"name":"wp","href":"https:\/\/api.w.org\/{rel}","templated":true}]}}