{"id":3580,"date":"2025-07-03T14:38:35","date_gmt":"2025-07-03T14:38:35","guid":{"rendered":"https:\/\/andarserveis.com\/servicos-personalizados-2\/"},"modified":"2025-08-11T10:29:50","modified_gmt":"2025-08-11T10:29:50","slug":"servicos-personalizados-2","status":"publish","type":"page","link":"https:\/\/andarserveis.com\/pt-pt\/servicos-personalizados-2\/","title":{"rendered":"Servi\u00e7os personalizados"},"content":{"rendered":"\n<p><\/p>\n\n\n\n<p>Voc\u00ea economizar\u00e1 tempo, <strong>energia <\/strong>e r<strong>ecursos valiosos<\/strong> para sua vida privada e ganhar\u00e1 tempo para aproveitar mais.<\/p>\n\n\n\n<p>Os <strong>servi\u00e7os personalizados<\/strong> s\u00e3o pensados \u200b\u200bpara satisfazer as suas necessidades de uma forma \u00fanica e <strong>adaptada aos seus gostos<\/strong> e prefer\u00eancias.<\/p>\n\n\n\n<p>Se um servi\u00e7o standard n\u00e3o for suficiente ou n\u00e3o encontrar exactamente o que necessita, ouvimos as suas necessidades e desejamos encontrar a <strong>melhor solu\u00e7\u00e3o<\/strong> para satisfazer todas as <strong>suas necessidades.<\/strong><\/p>\n\n\n\n<p><strong>Compras pessoais e compra de presentes<\/strong><\/p>\n\n\n\n<p><strong>N\u00e3o tem tempo para fazer compras?<\/strong> N\u00f3s podemos fazer isso por voc\u00ea.<\/p>\n\n\n<div class=\"wp-block-image\">\n<figure class=\"alignleft size-full is-resized\"><img decoding=\"async\" width=\"598\" height=\"347\" src=\"https:\/\/andarserveis.com\/wp-content\/uploads\/2023\/05\/personalizado.jpg\" alt=\"\" class=\"wp-image-895\" style=\"width:256px;height:auto\" srcset=\"https:\/\/andarserveis.com\/wp-content\/uploads\/2023\/05\/personalizado.jpg 598w, https:\/\/andarserveis.com\/wp-content\/uploads\/2023\/05\/personalizado-300x174.jpg 300w\" sizes=\"(max-width: 598px) 100vw, 598px\" \/><\/figure>\n<\/div>\n\n\n<p>\u2726 Presentes, alimentos, roupa, utens\u00edlios dom\u00e9sticos, eletrodom\u00e9sticos \u2014 podemos ajud\u00e1-lo em tudo.<br>\u2726 Podemos dedicar tempo \u00e0 pesquisa e encontrar produtos da mais alta qualidade dentro do seu or\u00e7amento.<br>\u2726 Se precisa de comprar um presente especial de anivers\u00e1rio, anivers\u00e1rio de casamento ou surpresa e n\u00e3o sabe por onde come\u00e7ar, deixe-nos ajudar.<br>\u2726 Fazemos recomenda\u00e7\u00f5es com base nas suas necessidades espec\u00edficas e no gosto do destinat\u00e1rio.<br>\u2726 Garantimos que o presente \u00e9 embalado e entregue no endere\u00e7o e data especificados.<\/p>\n\n\n\n<p><\/p>\n\n\n\n<p><strong> Voc\u00ea n\u00e3o costuma se lembrar de anivers\u00e1rios e outras datas importantes?<\/strong> <\/p>\n\n\n\n<p>\u2726N\u00e3o se preocupe, podemos estar atentos a todas estas datas e garantir que os cart\u00f5es e presentes s\u00e3o enviados a tempo. <br>\u2726Nunca mais ter\u00e1 de pedir desculpa ou enviar cart\u00f5es de &#8220;desculpe, esqueci-me&#8221;.<\/p>\n\n\n\n<p><strong>Quaisquer servi\u00e7os personalizados:<\/strong><\/p>\n\n\n\n<p>\u2726Sempre \u00e0 escuta e em contacto permanente com os nossos clientes com a m\u00e1xima discri\u00e7\u00e3o, basta solicitar o nosso atendimento personalizado. <br>\u2726Imagine o que delegar tarefas a um assistente e ter mais tempo para simplesmente desfrutar pode significar para a sua vida&#8230;<\/p>\n\n\n\n<figure class=\"wp-block-gallery has-nested-images columns-default is-cropped wp-block-gallery-1 is-layout-flex wp-block-gallery-is-layout-flex\"><\/figure>\n","protected":false},"excerpt":{"rendered":"<p>Voc\u00ea economizar\u00e1 tempo, energia e recursos valiosos para sua vida privada e ganhar\u00e1 tempo para aproveitar mais. Os servi\u00e7os personalizados s\u00e3o pensados \u200b\u200bpara satisfazer as suas necessidades de uma forma \u00fanica e adaptada aos seus gostos e prefer\u00eancias. Se um servi\u00e7o standard n\u00e3o for suficiente ou n\u00e3o encontrar exactamente o que necessita, ouvimos as suas [&hellip;]<\/p>\n","protected":false},"author":2,"featured_media":0,"parent":0,"menu_order":0,"comment_status":"closed","ping_status":"closed","template":"","meta":{"_seopress_robots_primary_cat":"","_seopress_titles_title":"","_seopress_titles_desc":"","_seopress_robots_index":"","inline_featured_image":false,"footnotes":""},"class_list":["post-3580","page","type-page","status-publish","hentry"],"_links":{"self":[{"href":"https:\/\/andarserveis.com\/pt-pt\/wp-json\/wp\/v2\/pages\/3580","targetHints":{"allow":["GET"]}}],"collection":[{"href":"https:\/\/andarserveis.com\/pt-pt\/wp-json\/wp\/v2\/pages"}],"about":[{"href":"https:\/\/andarserveis.com\/pt-pt\/wp-json\/wp\/v2\/types\/page"}],"author":[{"embeddable":true,"href":"https:\/\/andarserveis.com\/pt-pt\/wp-json\/wp\/v2\/users\/2"}],"replies":[{"embeddable":true,"href":"https:\/\/andarserveis.com\/pt-pt\/wp-json\/wp\/v2\/comments?post=3580"}],"version-history":[{"count":3,"href":"https:\/\/andarserveis.com\/pt-pt\/wp-json\/wp\/v2\/pages\/3580\/revisions"}],"predecessor-version":[{"id":3930,"href":"https:\/\/andarserveis.com\/pt-pt\/wp-json\/wp\/v2\/pages\/3580\/revisions\/3930"}],"wp:attachment":[{"href":"https:\/\/andarserveis.com\/pt-pt\/wp-json\/wp\/v2\/media?parent=3580"}],"curies":[{"name":"wp","href":"https:\/\/api.w.org\/{rel}","templated":true}]}}