{"id":3538,"date":"2025-07-02T17:46:44","date_gmt":"2025-07-02T17:46:44","guid":{"rendered":"https:\/\/andarserveis.com\/planeie-a-sua-estadia\/"},"modified":"2025-08-11T10:09:01","modified_gmt":"2025-08-11T10:09:01","slug":"planeie-a-sua-estadia","status":"publish","type":"page","link":"https:\/\/andarserveis.com\/pt-pt\/planeie-a-sua-estadia\/","title":{"rendered":"Planeie a sua estadia"},"content":{"rendered":"\n<h1 class=\"wp-block-heading\"><strong>A sua experi\u00eancia completa em Andorra, organizada ao pormenor pela Andar Serveis<\/strong><\/h1>\n\n\n\n<p>Na <strong>Andar Serveis t<\/strong>emos o cuidado de gerir todos os aspetos da sua estadia em Andorra:<\/p>\n\n\n<div class=\"wp-block-image\">\n<figure class=\"alignleft size-full is-resized\"><img decoding=\"async\" width=\"901\" height=\"923\" src=\"https:\/\/andarserveis.com\/wp-content\/uploads\/2025\/07\/planifica-tu-estancia.png\" alt=\"\" class=\"wp-image-3707\" style=\"width:322px;height:auto\" srcset=\"https:\/\/andarserveis.com\/wp-content\/uploads\/2025\/07\/planifica-tu-estancia.png 901w, https:\/\/andarserveis.com\/wp-content\/uploads\/2025\/07\/planifica-tu-estancia-293x300.png 293w, https:\/\/andarserveis.com\/wp-content\/uploads\/2025\/07\/planifica-tu-estancia-768x787.png 768w\" sizes=\"(max-width: 901px) 100vw, 901px\" \/><\/figure>\n<\/div>\n\n\n<h3 class=\"wp-block-heading\"><\/h3>\n\n\n\n<p><\/p>\n\n\n\n<p>\u2726 <strong>Transfer privado<\/strong> do aeroporto para Andorra e dentro de Andorra<br>\u2726 <strong>Reservas de hotel<\/strong> personalizadas de acordo com as suas necessidades<br>\u2726 <strong>Contrata\u00e7\u00e3o de instrutore<\/strong>s de ski e aulas personalizadas<br>\u2726 <strong>Aluguer de equipamento<\/strong> de esqui de qualidade<br>\u2726 Organiza\u00e7\u00e3o de <strong>atividades<\/strong> para todas as idades<br>\u2726 Recomenda\u00e7\u00f5es e <strong>reservas<\/strong> nos melhores restaurantes<\/p>\n\n\n\n<p>Tratamos de tudo, desde encontrar as melhores op\u00e7\u00f5es at\u00e9 <strong>confirmar cada reserva.<\/strong><br>Al\u00e9m disso, estamos sempre dispon\u00edveis para responder a quaisquer perguntas ou <strong>atender a pedidos especiais.<\/strong><\/p>\n\n\n\n<h4 class=\"wp-block-heading\"><strong>                                             <\/strong><\/h4>\n\n\n\n<h4 class=\"wp-block-heading has-text-align-center\"><strong> Divirta-se. N\u00f3s tratamos do resto. <\/strong><\/h4>\n\n\n\n<p><\/p>\n","protected":false},"excerpt":{"rendered":"<p>A sua experi\u00eancia completa em Andorra, organizada ao pormenor pela Andar Serveis Na Andar Serveis temos o cuidado de gerir todos os aspetos da sua estadia em Andorra: \u2726 Transfer privado do aeroporto para Andorra e dentro de Andorra\u2726 Reservas de hotel personalizadas de acordo com as suas necessidades\u2726 Contrata\u00e7\u00e3o de instrutores de ski e [&hellip;]<\/p>\n","protected":false},"author":2,"featured_media":0,"parent":0,"menu_order":0,"comment_status":"closed","ping_status":"closed","template":"","meta":{"_seopress_robots_primary_cat":"","_seopress_titles_title":"","_seopress_titles_desc":"","_seopress_robots_index":"","inline_featured_image":false,"footnotes":""},"class_list":["post-3538","page","type-page","status-publish","hentry"],"_links":{"self":[{"href":"https:\/\/andarserveis.com\/pt-pt\/wp-json\/wp\/v2\/pages\/3538","targetHints":{"allow":["GET"]}}],"collection":[{"href":"https:\/\/andarserveis.com\/pt-pt\/wp-json\/wp\/v2\/pages"}],"about":[{"href":"https:\/\/andarserveis.com\/pt-pt\/wp-json\/wp\/v2\/types\/page"}],"author":[{"embeddable":true,"href":"https:\/\/andarserveis.com\/pt-pt\/wp-json\/wp\/v2\/users\/2"}],"replies":[{"embeddable":true,"href":"https:\/\/andarserveis.com\/pt-pt\/wp-json\/wp\/v2\/comments?post=3538"}],"version-history":[{"count":2,"href":"https:\/\/andarserveis.com\/pt-pt\/wp-json\/wp\/v2\/pages\/3538\/revisions"}],"predecessor-version":[{"id":3900,"href":"https:\/\/andarserveis.com\/pt-pt\/wp-json\/wp\/v2\/pages\/3538\/revisions\/3900"}],"wp:attachment":[{"href":"https:\/\/andarserveis.com\/pt-pt\/wp-json\/wp\/v2\/media?parent=3538"}],"curies":[{"name":"wp","href":"https:\/\/api.w.org\/{rel}","templated":true}]}}