{"id":3504,"date":"2025-07-02T17:36:27","date_gmt":"2025-07-02T17:36:27","guid":{"rendered":"https:\/\/andarserveis.com\/recados\/"},"modified":"2026-01-24T16:26:19","modified_gmt":"2026-01-24T16:26:19","slug":"recados","status":"publish","type":"page","link":"https:\/\/andarserveis.com\/pt-pt\/recados\/","title":{"rendered":"Servi\u00e7o de recados"},"content":{"rendered":"\n<h2 class=\"wp-block-heading\"><strong>Servi\u00e7o de recados em Andorra<\/strong><\/h2>\n\n<h4 class=\"wp-block-heading\">Um servi\u00e7o de entregas personalizado e fi\u00e1vel.<\/h4>\n\n<p>Na <strong>Andar Serveis <\/strong>oferecemos <strong>um servi\u00e7o de recados e tarefas totalmente personalizado <\/strong>em Andorra, concebido para o ajudar quando n\u00e3o tem tempo, recursos ou simplesmente prefere delegar com toda a tranquilidade.<\/p>\n\n<p>Tratamos dos seus<strong> assuntos pessoais<\/strong>, <strong>tarefas e necessidades di\u00e1rias<\/strong>, atuando como o seu contacto de confian\u00e7a em Andorra.<br\/>\u00c9 um servi\u00e7o especialmente concebido para idosos, residentes com agendas preenchidas e propriet\u00e1rios de segundas habita\u00e7\u00f5es.<\/p>\n\n<p>   <\/p>\n<div class=\"wp-block-image\">\n<figure class=\"alignleft is-resized\"><img decoding=\"async\" src=\"https:\/\/andarserveis.com\/wp-content\/uploads\/2025\/06\/andarserveis_recados_andorra-300x300.png\" alt=\"solicitar servi&#xE7;os\" style=\"width:369px;height:auto\"\/><\/figure>\n<\/div>\n<h3 class=\"wp-block-heading\">Servi\u00e7os de recados e entregas em Andorra<\/h3>\n\n<p>Precisa de ajuda em tarefas que n\u00e3o consegue realizar por falta de tempo, mobilidade ou dist\u00e2ncia?<br\/>Na Andar Serveis, compreendemos que o dia-a-dia pode ser exigente. Por isso, oferecemos um servi\u00e7o flex\u00edvel de recados e assist\u00eancia pessoal em Andorra, adaptado a cada cliente. <\/p>\n\n<p>Tratamos daquelas tarefas que n\u00e3o pode ou n\u00e3o deseja fazer por conta pr\u00f3pria, sempre com <strong>discri\u00e7\u00e3o, efici\u00eancia e total confian\u00e7a.<\/strong><\/p>\n\n<p><strong>Que tipo de tarefas realizamos?<\/strong><\/p>\n\n<p>\u2726 Compras e recados (supermercado, farm\u00e1cia, etc.)<br\/>\u2726 Recolha ou entrega de encomendas<br\/>\u2726 Procedimentos administrativos ou banc\u00e1rios<br\/>\u2726 Acompanhamento em consultas ou visitas<br\/>\u2726 Assist\u00eancia domicili\u00e1ria (atendimento a t\u00e9cnicos, pequenas tarefas)<br\/>\u2726 Outros servi\u00e7os personalizados de acordo com as suas necessidades<\/p>\n\n<p><strong>Um servi\u00e7o flex\u00edvel e discreto, feito \u00e0 sua medida.<\/strong><\/p>\n\n<p>Adaptamo-nos completamente \u00e0s suas necessidades. Diz-nos o que precisa e n\u00f3s tratamos de tudo por si, com a tranquilidade de saber que tudo est\u00e1 em boas m\u00e3os.<\/p>\n\n<p>\ud83d\udccd<strong> Estamos em Andorra<\/strong> e atendemos tanto<strong> residentes<\/strong> como<strong> propriet\u00e1rios de segundas habita\u00e7\u00f5es<\/strong> que necessitam de uma pessoa de confian\u00e7a quando est\u00e3o ausentes.<\/p>\n\n<p><strong>Confie na Andar Serveis para simplificar a sua vida e obter tranquilidade.<\/strong><\/p>\n\n<p class=\"has-text-align-center\"><strong>Confie em n\u00f3s para simplificar a sua vida.<\/strong><\/p>\n<div class=\"wp-block-image\">\n<figure class=\"aligncenter size-full is-resized\"><a href=\"https:\/\/wa.me\/376834699\" target=\"_blank\" rel=\" noreferrer noopener\"><img decoding=\"async\" width=\"429\" height=\"117\" src=\"https:\/\/andarserveis.com\/wp-content\/uploads\/2026\/01\/image-1.png\" alt=\"\" class=\"wp-image-4138\" style=\"aspect-ratio:3.6671421778411792;width:197px;height:auto\" srcset=\"https:\/\/andarserveis.com\/wp-content\/uploads\/2026\/01\/image-1.png 429w, https:\/\/andarserveis.com\/wp-content\/uploads\/2026\/01\/image-1-300x82.png 300w\" sizes=\"(max-width: 429px) 100vw, 429px\" \/><\/a><\/figure>\n<\/div>","protected":false},"excerpt":{"rendered":"<p>Servi\u00e7o de recados em Andorra Um servi\u00e7o de entregas personalizado e fi\u00e1vel. Na Andar Serveis oferecemos um servi\u00e7o de recados e tarefas totalmente personalizado em Andorra, concebido para o ajudar quando n\u00e3o tem tempo, recursos ou simplesmente prefere delegar com toda a tranquilidade. Tratamos dos seus assuntos pessoais, tarefas e necessidades di\u00e1rias, atuando como o [&hellip;]<\/p>\n","protected":false},"author":2,"featured_media":0,"parent":0,"menu_order":0,"comment_status":"closed","ping_status":"closed","template":"","meta":{"_seopress_robots_primary_cat":"","_seopress_titles_title":"","_seopress_titles_desc":"Tratamos das suas tarefas pessoais e profissionais em Andorra com rapidez, fiabilidade e atendimento personalizado. Poupe tempo e tenha tranquilidade com a ajuda de especialistas. ","_seopress_robots_index":"","inline_featured_image":false,"footnotes":""},"class_list":["post-3504","page","type-page","status-publish","hentry"],"_links":{"self":[{"href":"https:\/\/andarserveis.com\/pt-pt\/wp-json\/wp\/v2\/pages\/3504","targetHints":{"allow":["GET"]}}],"collection":[{"href":"https:\/\/andarserveis.com\/pt-pt\/wp-json\/wp\/v2\/pages"}],"about":[{"href":"https:\/\/andarserveis.com\/pt-pt\/wp-json\/wp\/v2\/types\/page"}],"author":[{"embeddable":true,"href":"https:\/\/andarserveis.com\/pt-pt\/wp-json\/wp\/v2\/users\/2"}],"replies":[{"embeddable":true,"href":"https:\/\/andarserveis.com\/pt-pt\/wp-json\/wp\/v2\/comments?post=3504"}],"version-history":[{"count":4,"href":"https:\/\/andarserveis.com\/pt-pt\/wp-json\/wp\/v2\/pages\/3504\/revisions"}],"predecessor-version":[{"id":4158,"href":"https:\/\/andarserveis.com\/pt-pt\/wp-json\/wp\/v2\/pages\/3504\/revisions\/4158"}],"wp:attachment":[{"href":"https:\/\/andarserveis.com\/pt-pt\/wp-json\/wp\/v2\/media?parent=3504"}],"curies":[{"name":"wp","href":"https:\/\/api.w.org\/{rel}","templated":true}]}}