{"id":3439,"date":"2025-07-03T15:26:11","date_gmt":"2025-07-03T15:26:11","guid":{"rendered":"https:\/\/andarserveis.com\/quien-somos\/"},"modified":"2025-08-12T15:13:02","modified_gmt":"2025-08-12T15:13:02","slug":"quien-somos","status":"publish","type":"page","link":"https:\/\/andarserveis.com\/pt-pt\/","title":{"rendered":"QUEM SOMOS?"},"content":{"rendered":"\n<h3 class=\"wp-block-heading\">&#8220;A chave para a sua paz de esp\u00edrito em Andorra.&#8221;<\/h3>\n\n<p>Na <strong>Andar Serveis,<\/strong><strong> cuidamos<\/strong> de pessoas e das suas <strong>casas<\/strong> em Andorra h\u00e1 anos. <\/p>\n\n<p>O nosso objetivo \u00e9 facilitar a sua vida com um <strong>servi\u00e7o simp\u00e1tico<\/strong> e <strong>profissional,<\/strong> adaptado \u00e0s suas necessidades.<\/p>\n<div class=\"wp-block-image\">\n<figure class=\"alignleft size-full is-resized\"><img decoding=\"async\" width=\"598\" height=\"347\" src=\"https:\/\/andarserveis.com\/wp-content\/uploads\/2023\/05\/personalizado.jpg\" alt=\"\" class=\"wp-image-358\" style=\"width:378px;height:auto\" srcset=\"https:\/\/andarserveis.com\/wp-content\/uploads\/2023\/05\/personalizado.jpg 598w, https:\/\/andarserveis.com\/wp-content\/uploads\/2023\/05\/personalizado-300x174.jpg 300w\" sizes=\"(max-width: 598px) 100vw, 598px\" \/><\/figure><\/div>\n<p class=\"has-text-align-left\"><br\/>Somos especializados em <strong><em>cuidados residenciais e de segunda habita\u00e7\u00e3o<\/em><\/strong>, <strong>gest\u00e3o de apartamentos de f\u00e9rias<\/strong>, <strong>tarefas personalizadas<\/strong> e<strong> servi\u00e7os personalizados para residentes e visitantes.<\/strong><br\/>\u2726 Guarda de chaves<br\/>\u2726 Visita \u00e0 casa para receber um pedido<br\/>\u2726 Ligar o aquecimento<br\/>\u2726 Entregar as chaves a familiares ou pessoal autorizado<br\/>\u2726 Fazer e\/ou entregar compras<br\/>\u2726 Gerir os servi\u00e7os p\u00fablicos (eletricidade, aquecimento, \u00e1gua, etc.)<br\/>\u2726 Limpeza e manuten\u00e7\u00e3o regulares<\/p>\n\n<div class=\"wp-block-columns is-layout-flex wp-container-core-columns-is-layout-9d6595d7 wp-block-columns-is-layout-flex\">\n<div class=\"wp-block-column is-layout-flow wp-block-column-is-layout-flow\" style=\"flex-basis:100%\"><\/div>\n<\/div>\n<div class=\"wp-block-image\">\n<figure class=\"alignleft size-full is-resized\"><img decoding=\"async\" width=\"598\" height=\"347\" src=\"https:\/\/andarserveis.com\/wp-content\/uploads\/2023\/05\/ski.jpg\" alt=\"\" class=\"wp-image-277\" style=\"width:378px;height:auto\" srcset=\"https:\/\/andarserveis.com\/wp-content\/uploads\/2023\/05\/ski.jpg 598w, https:\/\/andarserveis.com\/wp-content\/uploads\/2023\/05\/ski-300x174.jpg 300w\" sizes=\"(max-width: 598px) 100vw, 598px\" \/><\/figure><\/div>\n<p class=\"has-text-align-left\">Planeamos tamb\u00e9m <strong>estadias completas para quem deseja desfrutar de Andorra sem preocupa\u00e7\u00f5es:<\/strong><br\/>\u2726 Transferes para o aeroporto<br\/>\u2726 Reservas de hotel ou alojamento<br\/>\u2726 Atividades de montanha e natureza<br\/>\u2726 Passes de esqui<br\/>\u2726 Aluguer de equipamentos<br\/>\u2726 Aulas com instrutor ou guia<br\/>\u2726 Assist\u00eancia personalizada durante toda a sua estadia<\/p>\n\n<p><\/p>\n\n<p><\/p>\n\n<p class=\"has-text-align-left\">Trabalhamos com<strong> empenho, confidencialidade e dedica\u00e7\u00e3o<\/strong>, pois sabemos que cada pessoa e cada lar merecem um tratamento \u00fanico.<\/p>\n\n<p class=\"has-text-align-left\">A <strong>Andar Serveis<\/strong> est\u00e1 aqui para o ajudar a <strong>desfrutar de Andorra<\/strong> ao m\u00e1ximo.<\/p>\n\n<p><\/p>\n\n<p class=\"has-text-align-center\"><br\/><strong><em>Voc\u00ea sonha, n\u00f3s tratamos do resto.<\/em><\/strong><\/p>\n\n<p><\/p>\n","protected":false},"excerpt":{"rendered":"<p>&#8220;A chave para a sua paz de esp\u00edrito em Andorra.&#8221; Na Andar Serveis, cuidamos de pessoas e das suas casas em Andorra h\u00e1 anos. O nosso objetivo \u00e9 facilitar a sua vida com um servi\u00e7o simp\u00e1tico e profissional, adaptado \u00e0s suas necessidades. Somos especializados em cuidados residenciais e de segunda habita\u00e7\u00e3o, gest\u00e3o de apartamentos de [&hellip;]<\/p>\n","protected":false},"author":2,"featured_media":0,"parent":0,"menu_order":0,"comment_status":"closed","ping_status":"closed","template":"","meta":{"_seopress_robots_primary_cat":"","_seopress_titles_title":"Quem somos? | Andar Serveis - Cuidamos de pessoas e lares em Andorra","_seopress_titles_desc":"Na Andar Serveis, cuidamos de pessoas, casas e propriedades em Andorra h\u00e1 anos. Facilitamos a vida com servi\u00e7os personalizados, amig\u00e1veis \u200b\u200be fi\u00e1veis.","_seopress_robots_index":"","inline_featured_image":false,"footnotes":""},"class_list":["post-3439","page","type-page","status-publish","hentry"],"_links":{"self":[{"href":"https:\/\/andarserveis.com\/pt-pt\/wp-json\/wp\/v2\/pages\/3439","targetHints":{"allow":["GET"]}}],"collection":[{"href":"https:\/\/andarserveis.com\/pt-pt\/wp-json\/wp\/v2\/pages"}],"about":[{"href":"https:\/\/andarserveis.com\/pt-pt\/wp-json\/wp\/v2\/types\/page"}],"author":[{"embeddable":true,"href":"https:\/\/andarserveis.com\/pt-pt\/wp-json\/wp\/v2\/users\/2"}],"replies":[{"embeddable":true,"href":"https:\/\/andarserveis.com\/pt-pt\/wp-json\/wp\/v2\/comments?post=3439"}],"version-history":[{"count":12,"href":"https:\/\/andarserveis.com\/pt-pt\/wp-json\/wp\/v2\/pages\/3439\/revisions"}],"predecessor-version":[{"id":4048,"href":"https:\/\/andarserveis.com\/pt-pt\/wp-json\/wp\/v2\/pages\/3439\/revisions\/4048"}],"wp:attachment":[{"href":"https:\/\/andarserveis.com\/pt-pt\/wp-json\/wp\/v2\/media?parent=3439"}],"curies":[{"name":"wp","href":"https:\/\/api.w.org\/{rel}","templated":true}]}}