{"id":2133,"date":"2023-07-26T16:55:59","date_gmt":"2023-07-26T16:55:59","guid":{"rendered":"https:\/\/andarserveis.com\/inicio-2\/armazenamento-de-esquis-durante-todo-o-ano\/"},"modified":"2024-06-15T10:29:40","modified_gmt":"2024-06-15T10:29:40","slug":"armazenamento-de-esquis-durante-todo-o-ano","status":"publish","type":"page","link":"https:\/\/andarserveis.com\/pt-pt\/armazenamento-de-esquis-durante-todo-o-ano\/","title":{"rendered":"Armazenamento de esquis durante todo o ano"},"content":{"rendered":"<p><img decoding=\"async\" src=\"https:\/\/andarserveis.com\/wp-content\/uploads\/2023\/08\/ski-storage-wit-0-1-300x300.jpg\" alt=\"\" width=\"300\" height=\"300\"><\/p>\n<p>Na nossa empresa, compreendemos a import\u00e2ncia de os entusiastas do esqui terem um<strong> local seguro<\/strong>&nbsp;para guardar o seu equipamento durante<strong> todo o ano<\/strong>. \u00c9 por isso que oferecemos um servi\u00e7o de armazenamento de esquis dispon\u00edvel durante todas as esta\u00e7\u00f5es.<\/p>\n<p>Nosso servi\u00e7o de armazenamento de esquis tem <strong>seguran\u00e7a e qualidade&nbsp;<\/strong><\/p>\n<p>Um <strong>dep\u00f3sito de esquis individual e personalizado<\/strong> para cada cliente, onde podem guardar seus esquis, botas, capacete&#8230;<\/p>\n<p>&nbsp;Al\u00e9m disso, nos preocupamos com o conforto&nbsp; dos nossos clientes com <strong>um servi\u00e7o de entrega e coleta no local de estadia.<\/strong> Com apenas um WhatsApp ou liga\u00e7\u00e3o garantimos que voc\u00ea tem tudo para curtir esquiar&nbsp; e quando terminar n\u00f3s buscamos voc\u00ea.<\/p>\n<p>Tamb\u00e9m oferecemos servi\u00e7os adicionais, como manuten\u00e7\u00e3o e <strong>reparo de equipamentos<\/strong>, para que voc\u00ea possa manter seu equipamento nas melhores condi\u00e7\u00f5es durante todo o ano.<\/p>\n<p>&nbsp;<\/p>\n<p>Resumindo, nosso servi\u00e7o de armazenamento de esquis durante todo o ano oferece seguran\u00e7a, conforto e conveni\u00eancia para os amantes do esqui. Se procura um local seguro para guardar o seu equipamento de esqui durante todo o ano, n\u00e3o hesite em nos contactar. Ficaremos felizes em ajud\u00e1-lo.&nbsp;<\/p>\n<p><strong>A partir de 49,90\u20ac\/m\u00eas (at\u00e9 4 pares)<\/strong><\/p>\n<p><strong><br \/><\/strong><\/p>\n<\/p>\n<p><strong>Armazenamento personalizado para esquis no inverno<\/strong><\/p>\n<ul>\n<li>&nbsp;Armazenamos seus esquis entre duas salas.&nbsp;<\/li>\n<li>&nbsp;Trazemos e retiramos seus esquis no local da sua estadia.<\/li>\n<li>Cuidamos das suas botas (secas e desinfetadas) enquanto voc\u00ea n\u00e3o est\u00e1 esquiando.<\/li>\n<li>Afinamos os seus esquis &nbsp;(cera, arestas, etc.)&nbsp;<\/li>\n<\/ul>\n<p>&nbsp;<\/p>\n<p><strong>Armazenamento de esqui personalizado no ver\u00e3o&nbsp;<\/strong><\/p>\n<ul>\n<li>Voc\u00ea tem pouco espa\u00e7o para guardar seus esquis no ver\u00e3o.<\/li>\n<li>N\u00f3s os mantemos em local seco.<\/li>\n<li>Cuidamos da manuten\u00e7\u00e3o necess\u00e1ria de esquis e botas.<\/li>\n<\/ul>\n<p>&nbsp;<br \/>\n&nbsp;<\/p>\n","protected":false},"excerpt":{"rendered":"<p>Na nossa empresa, compreendemos a import\u00e2ncia de os entusiastas do esqui terem um local seguro&nbsp;para guardar o seu equipamento durante todo o ano. \u00c9 por isso que oferecemos um servi\u00e7o de armazenamento de esquis dispon\u00edvel durante todas as esta\u00e7\u00f5es. Nosso servi\u00e7o de armazenamento de esquis tem seguran\u00e7a e qualidade&nbsp; Um dep\u00f3sito de esquis individual e [&hellip;]<\/p>\n","protected":false},"author":2,"featured_media":0,"parent":0,"menu_order":1,"comment_status":"closed","ping_status":"closed","template":"","meta":{"_seopress_robots_primary_cat":"","_seopress_titles_title":"Armazenamento de esqui em Andorra durante todo o ano","_seopress_titles_desc":"um servi\u00e7o de armazenamento de esquis dispon\u00edvel durante todas as esta\u00e7\u00f5es com servi\u00e7o de entrega e coleta no seu local de estadia","_seopress_robots_index":"","inline_featured_image":false,"footnotes":""},"class_list":["post-2133","page","type-page","status-publish","hentry"],"_links":{"self":[{"href":"https:\/\/andarserveis.com\/pt-pt\/wp-json\/wp\/v2\/pages\/2133","targetHints":{"allow":["GET"]}}],"collection":[{"href":"https:\/\/andarserveis.com\/pt-pt\/wp-json\/wp\/v2\/pages"}],"about":[{"href":"https:\/\/andarserveis.com\/pt-pt\/wp-json\/wp\/v2\/types\/page"}],"author":[{"embeddable":true,"href":"https:\/\/andarserveis.com\/pt-pt\/wp-json\/wp\/v2\/users\/2"}],"replies":[{"embeddable":true,"href":"https:\/\/andarserveis.com\/pt-pt\/wp-json\/wp\/v2\/comments?post=2133"}],"version-history":[{"count":8,"href":"https:\/\/andarserveis.com\/pt-pt\/wp-json\/wp\/v2\/pages\/2133\/revisions"}],"predecessor-version":[{"id":2233,"href":"https:\/\/andarserveis.com\/pt-pt\/wp-json\/wp\/v2\/pages\/2133\/revisions\/2233"}],"wp:attachment":[{"href":"https:\/\/andarserveis.com\/pt-pt\/wp-json\/wp\/v2\/media?parent=2133"}],"curies":[{"name":"wp","href":"https:\/\/api.w.org\/{rel}","templated":true}]}}