{"id":1224,"date":"2023-05-25T14:26:11","date_gmt":"2023-05-25T14:26:11","guid":{"rendered":"https:\/\/andarserveis.com\/politica-de-privacidade\/"},"modified":"2023-07-28T14:57:13","modified_gmt":"2023-07-28T14:57:13","slug":"politica-de-privacidade","status":"publish","type":"page","link":"https:\/\/andarserveis.com\/pt-pt\/politica-de-privacidade\/","title":{"rendered":"Pol\u00edtica de privacidade"},"content":{"rendered":"<style>\/*! elementor - v3.14.0 - 26-06-2023 *\/\n.elementor-heading-title{padding:0;margin:0;line-height:1}.elementor-widget-heading .elementor-heading-title[class*=elementor-size-]>a{color:inherit;font-size:inherit;line-height:inherit}.elementor-widget-heading .elementor-heading-title.elementor-size-small{font-size:15px}.elementor-widget-heading .elementor-heading-title.elementor-size-medium{font-size:19px}.elementor-widget-heading .elementor-heading-title.elementor-size-large{font-size:29px}.elementor-widget-heading .elementor-heading-title.elementor-size-xl{font-size:39px}.elementor-widget-heading .elementor-heading-title.elementor-size-xxl{font-size:59px}<\/style>\n<h1>Pol\u00edtica de privacidade<\/h1>\n<h2>1. Aviso legal<\/h2>\n<p>O dom\u00ednio da Internet andarserveis.com, bem como todos os direitos de propriedade intelectual ou industrial do site, seu design, logotipos, sinais distintivos e conte\u00fado s\u00e3o propriedade do Grup Andar SL com NRT L-313330-N e com sede em Avd . Joan Marti 131 Escalera A 4\u00ba3 &#8211; Encamp<\/p>\n<ul>\n<li style=\"font-weight: 400;\" aria-level=\"1\">O utilizador, atrav\u00e9s do acesso a todos os conte\u00fados que fazem parte do website, pode visitar, obter informa\u00e7\u00f5es sobre servi\u00e7os, comunica\u00e7\u00f5es diretas, etc. <\/li>\n<li style=\"font-weight: 400;\" aria-level=\"1\">Este acesso implica a aceita\u00e7\u00e3o plena e sem reservas de todas as disposi\u00e7\u00f5es e condi\u00e7\u00f5es de uso contidas neste aviso legal. O objetivo deste website \u00e9 oferecer aos clientes e\/ou usu\u00e1rios informa\u00e7\u00f5es sobre os produtos e servi\u00e7os da Andar Serveis. <\/li>\n<li style=\"font-weight: 400;\" aria-level=\"1\">A Andar Serveis reserva-se o direito de efetuar, a qualquer momento e sem necessidade de aviso pr\u00e9vio, modifica\u00e7\u00f5es e atualiza\u00e7\u00f5es da informa\u00e7\u00e3o contida no website ou da sua configura\u00e7\u00e3o e\/ou apresenta\u00e7\u00e3o.<\/li>\n<li style=\"font-weight: 400;\" aria-level=\"1\">A Andar Serveis n\u00e3o se responsabiliza pelo mau funcionamento do seu portal web devido a causas imput\u00e1veis \u200b\u200bcomo tarefas de manuten\u00e7\u00e3o, incidentes que afetem operadores internacionais, uma configura\u00e7\u00e3o defeituosa do equipamento do utilizador ou a impossibilidade de admitir os sistemas inform\u00e1ticos essenciais para poder utilizar o servi\u00e7o.<\/li>\n<li style=\"font-weight: 400;\" aria-level=\"1\">Este site opera no Principado de Andorra, e seus termos de uso s\u00e3o regidos pelas leis do Principado de Andorra. As partes submetem-se \u00e0 jurisdi\u00e7\u00e3o exclusiva dos tribunais andorranos, que devem decidir de acordo com a lei em vigor no<b> Principado de Andorra.<\/b><\/li>\n<\/ul>\n<h2>2. Disposi\u00e7\u00f5es gerais:<\/h2>\n<p>Le informamos que cualquier <b>dato personal <\/b>que usted facilite a trav\u00e9s de este sitio web ser\u00e1 tratado <b>exclusivamente <\/b>por <b>Grup Andar SL<\/b> en calidad de responsable .<\/p>\n<ul>\n<li style=\"font-weight: 400;\" aria-level=\"1\">Grup Andar SL \u00e9 o propriet\u00e1rio deste site. O Grup Andar SL informa que para qualquer quest\u00e3o relacionada com a Prote\u00e7\u00e3o de Dados, pode contactar-nos na nossa sec\u00e7\u00e3o 4.<\/li>\n<li style=\"font-weight: 400;\" aria-level=\"1\">O contacto e contrata\u00e7\u00e3o de produtos e servi\u00e7os oferecidos atrav\u00e9s deste site pelo Grup Andar SL s\u00f3 podem ser realizados por maiores de 18 anos. Caso o Grup Andar SL verifique que os dados pessoais foram fornecidos por um menor de 18 anos, proceder\u00e1 \u00e0 sua elimina\u00e7\u00e3o imediata.<\/li>\n<li style=\"font-weight: 400;\" aria-level=\"1\">N\u00e3o dever\u00e1 fornecer, atrav\u00e9s deste website, dados pessoais (n\u00famero de conta, morada&#8230;) sem que o contactemos previamente. Todos os dados pessoais s\u00f3 s\u00e3o solicitados mediante contrato assinado por ambas as partes .<\/li>\n<\/ul>\n<h2>3. Arquivo declarado de acordo com a legisla\u00e7\u00e3o andorrana perante a Ag\u00eancia de Prote\u00e7\u00e3o de Dados do Principado de Andorra:<\/h2>\n<p>Em cumprimento dos requisitos da Lei 15\/2003, de 18 de dezembro, Qualificada sobre a Prote\u00e7\u00e3o de Dados Pessoais (doravante, &#8220;LQDP&#8221;), e com os regulamentos que a desenvolvem, os usu\u00e1rios deste site s\u00e3o informados de que Quaisquer dados pessoais fornecidos a O Grup Andar passar\u00e1 a fazer parte de um arquivo de propriedade do Grup Andar devidamente registrado na Ag\u00eancia de Prote\u00e7\u00e3o de Dados do Principado de Andorra.<\/p>\n<p>Este site e esta empresa s\u00e3o desenvolvidos e operados no Principado de Andorra, e seus termos de uso s\u00e3o regidos pelas leis do Principado de Andorra. As partes submetem-se \u00e0 jurisdi\u00e7\u00e3o exclusiva dos tribunais andorranos, que devem decidir de acordo com a lei em vigor no Principado de Andorra.<\/p>\n<p>Respons\u00e1vel pelo tratamento dos seus dados pessoais, representante na Uni\u00e3o Europeia e respons\u00e1vel pela prote\u00e7\u00e3o de dados:<\/p>\n<p>O respons\u00e1vel pelo tratamento \u00e9 o Grup Andar, a identifica\u00e7\u00e3o e contactos encontram-se detalhados na sec\u00e7\u00e3o 1 desta pol\u00edtica de privacidade.<\/p>\n<p><strong>Responsabilidade de Prote\u00e7\u00e3o de Dados:<\/strong><\/p>\n<p>La responsabilidad de protecci\u00f3n de datos es de Grup Andar , al que puede contactar por correo electr\u00f3nico info@andarsl.com o info@andarserveis.com<b> <\/b><\/p>\n<h2><b>5. Outros destinat\u00e1rios, incluindo prestadores de servi\u00e7os:<\/b><\/h2>\n<p>Caso, para a prossecu\u00e7\u00e3o das finalidades dos servi\u00e7os solicitados, seja necess\u00e1rio, os seus dados pessoais poder\u00e3o ser transmitidos \u00e0s seguintes categorias de destinat\u00e1rios:<\/p>\n<p>* Prestadores de servi\u00e7os com os quais o Grup Andar SL j\u00e1 tem contratos com os quais devem tratar os seus dados pessoais em rela\u00e7\u00e3o \u00e0 finalidade em causa, o que far\u00e3o de acordo com as instru\u00e7\u00f5es desta entidade e de acordo com a sua pol\u00edtica de privacidade e qualquer medida de seguran\u00e7a e a devida confidencialidade estabelecida pela mesma lei de prote\u00e7\u00e3o de dados do Grup Andar SL.<\/p>\n<p>* Administra\u00e7\u00f5es p\u00fablicas competentes, nos casos previstos na Lei e para os fins nela definidos.<\/p>\n<p>* Entidades financeiras atrav\u00e9s das quais se articula a gest\u00e3o de cobran\u00e7as e pagamentos.<\/p>\n<h2><b>Altera\u00e7\u00f5es na Pol\u00edtica de Privacidade:<\/b><\/h2>\n<p>Esta pol\u00edtica de privacidade est\u00e1 sujeita a eventuais altera\u00e7\u00f5es de acordo com a legisla\u00e7\u00e3o aplic\u00e1vel a qualquer momento. Em todo o caso, qualquer altera\u00e7\u00e3o a esta Pol\u00edtica de Privacidade ser\u00e1 devidamente notificada para que seja informado das altera\u00e7\u00f5es produzidas e, se for o caso, possa dar o seu consentimento expresso \u00e0s referidas altera\u00e7\u00f5es.<\/p>\n","protected":false},"excerpt":{"rendered":"<p>Pol\u00edtica de privacidade 1. Aviso legal O dom\u00ednio da Internet andarserveis.com, bem como todos os direitos de propriedade intelectual ou industrial do site, seu design, logotipos, sinais distintivos e conte\u00fado s\u00e3o propriedade do Grup Andar SL com NRT L-313330-N e com sede em Avd . Joan Marti 131 Escalera A 4\u00ba3 &#8211; Encamp O utilizador, [&hellip;]<\/p>\n","protected":false},"author":1,"featured_media":0,"parent":0,"menu_order":0,"comment_status":"closed","ping_status":"closed","template":"","meta":{"_seopress_robots_primary_cat":"","_seopress_titles_title":"Pol\u00edtica de privacidade","_seopress_titles_desc":"Nossa p\u00e1gina de pol\u00edtica de privacidade","_seopress_robots_index":"yes","inline_featured_image":false,"footnotes":""},"class_list":["post-1224","page","type-page","status-publish","hentry"],"_links":{"self":[{"href":"https:\/\/andarserveis.com\/pt-pt\/wp-json\/wp\/v2\/pages\/1224","targetHints":{"allow":["GET"]}}],"collection":[{"href":"https:\/\/andarserveis.com\/pt-pt\/wp-json\/wp\/v2\/pages"}],"about":[{"href":"https:\/\/andarserveis.com\/pt-pt\/wp-json\/wp\/v2\/types\/page"}],"author":[{"embeddable":true,"href":"https:\/\/andarserveis.com\/pt-pt\/wp-json\/wp\/v2\/users\/1"}],"replies":[{"embeddable":true,"href":"https:\/\/andarserveis.com\/pt-pt\/wp-json\/wp\/v2\/comments?post=1224"}],"version-history":[{"count":3,"href":"https:\/\/andarserveis.com\/pt-pt\/wp-json\/wp\/v2\/pages\/1224\/revisions"}],"predecessor-version":[{"id":1227,"href":"https:\/\/andarserveis.com\/pt-pt\/wp-json\/wp\/v2\/pages\/1224\/revisions\/1227"}],"wp:attachment":[{"href":"https:\/\/andarserveis.com\/pt-pt\/wp-json\/wp\/v2\/media?parent=1224"}],"curies":[{"name":"wp","href":"https:\/\/api.w.org\/{rel}","templated":true}]}}