{"id":1018,"date":"2023-05-25T08:11:47","date_gmt":"2023-05-25T08:11:47","guid":{"rendered":"https:\/\/andarserveis.com\/contacto-2\/"},"modified":"2025-08-14T10:59:36","modified_gmt":"2025-08-14T10:59:36","slug":"contacto-2","status":"publish","type":"page","link":"https:\/\/andarserveis.com\/pt-pt\/contacto-2\/","title":{"rendered":"Contate-nos !!"},"content":{"rendered":"<h2 style=\"text-align: left;\"> <\/h2>\n<p><img decoding=\"async\" class=\"size-medium wp-image-3945 alignleft\" src=\"https:\/\/andarserveis.com\/wp-content\/uploads\/2025\/08\/ChatGPT-Image-11-ago-2025-12_55_42-300x200.png\" alt=\"\" width=\"300\" height=\"200\" srcset=\"https:\/\/andarserveis.com\/wp-content\/uploads\/2025\/08\/ChatGPT-Image-11-ago-2025-12_55_42-300x200.png 300w, https:\/\/andarserveis.com\/wp-content\/uploads\/2025\/08\/ChatGPT-Image-11-ago-2025-12_55_42-1024x683.png 1024w, https:\/\/andarserveis.com\/wp-content\/uploads\/2025\/08\/ChatGPT-Image-11-ago-2025-12_55_42-768x512.png 768w, https:\/\/andarserveis.com\/wp-content\/uploads\/2025\/08\/ChatGPT-Image-11-ago-2025-12_55_42.png 1536w\" sizes=\"(max-width: 300px) 100vw, 300px\" \/><\/p>\n<h4><strong>Estamos aqui para ti!   <\/strong><\/h4>\n<h4><strong>Na Andar Serveis adaptamo-nos \u00e0s suas necessidades.<\/strong><\/h4>\n<p>Se precisar de apoio com a administra\u00e7\u00e3o da sua segunda casa, tarefas pessoais, limpeza, entregas, reservas ou outros servi\u00e7os personalizados, n\u00e3o hesite em contactar-nos.<\/p>\n<p>Diga-nos o que precisa e n\u00f3s tratamos disso.<\/p>\n<h4><strong>Solicite o seu servi\u00e7o de forma r\u00e1pida e f\u00e1cil:<\/strong><\/h4>\n<p>? Telefone: +376 834 699<br \/>? E-mail: info@andarserveis.com<br \/>? WhatsApp: +376 834 699<\/p>\n<h4>Gostar\u00edamos muito de o ajudar!<\/h4>\n<p>Tamb\u00e9m podes encontrar-nos nas nossas redes sociais onde partilhamos as \u00faltimas not\u00edcias e actualiza\u00e7\u00f5es sobre Andar Serveis<\/p>\n<p><a href=\"https:\/\/www.facebook.com\/people\/Andar-Serveis\/100083334191115\/\" target=\"_blank\" rel=\"noopener\"><img decoding=\"async\" class=\"alignnone wp-image-3996\" src=\"https:\/\/andarserveis.com\/wp-content\/uploads\/2025\/08\/facebook-a.jpg\" alt=\"\" width=\"45\" height=\"59\"><\/a> <a href=\"https:\/\/www.instagram.com\/andarserveis\/?hl=es\" target=\"_blank\" rel=\"noopener\"><img decoding=\"async\" class=\"alignnone wp-image-4001\" src=\"https:\/\/andarserveis.com\/wp-content\/uploads\/2025\/08\/instagram-a.jpg\" alt=\"\" width=\"46\" height=\"60\"><\/a> <a href=\"https:\/\/www.linkedin.com\/in\/carina-tamier-vacher-4a03167b\/\" target=\"_blank\" rel=\"noopener\"><img decoding=\"async\" class=\"alignnone wp-image-4006\" src=\"https:\/\/andarserveis.com\/wp-content\/uploads\/2025\/08\/linkedin-a.jpg\" alt=\"\" width=\"44\" height=\"58\"><\/a><\/p>\n\n<p><\/p>\n","protected":false},"excerpt":{"rendered":"<p>Contate-nos !! Nossa equipe de atendimento ao cliente est\u00e1 comprometida em fornecer a melhor experi\u00eancia poss\u00edvel. Se precisar de ajuda, informa\u00e7\u00f5es sobre os nossos servi\u00e7os ou simplesmente quiser dizer-nos ol\u00e1, n\u00e3o hesite em contactar-nos ou enviar um e-mail para info@andarserveis.com. Os nossos especialistas est\u00e3o prontos para ajudar. N\u00f3s nos esfor\u00e7amos para responder a todas as perguntas dentro de 24 horas.<\/p>\n","protected":false},"author":1,"featured_media":2800,"parent":0,"menu_order":0,"comment_status":"closed","ping_status":"closed","template":"","meta":{"_seopress_robots_primary_cat":"","_seopress_titles_title":"Contato, contato, contato e atendimento, correio, tel, WhatsApp","_seopress_titles_desc":"Contate-nos !! No Andar Serveis estamos sempre prontos para ouvir suas d\u00favidas, coment\u00e1rios e sugest\u00f5es. Nossa equipe de atendimento ao cliente est\u00e1 comprometida em fornecer a melhor experi\u00eancia poss\u00edvel. Se precisar de ajuda, informa\u00e7\u00f5es sobre os nossos servi\u00e7os ou simplesmente quiser dizer-nos ol\u00e1, n\u00e3o hesite em contactar-nos ou enviar um e-mail para info@andarserveis.com. Os nossos especialistas est\u00e3o prontos para ajudar. N\u00f3s nos esfor\u00e7amos para responder a todas as perguntas dentro de 24 horas.","_seopress_robots_index":"","inline_featured_image":false,"footnotes":""},"class_list":["post-1018","page","type-page","status-publish","has-post-thumbnail","hentry"],"_links":{"self":[{"href":"https:\/\/andarserveis.com\/pt-pt\/wp-json\/wp\/v2\/pages\/1018","targetHints":{"allow":["GET"]}}],"collection":[{"href":"https:\/\/andarserveis.com\/pt-pt\/wp-json\/wp\/v2\/pages"}],"about":[{"href":"https:\/\/andarserveis.com\/pt-pt\/wp-json\/wp\/v2\/types\/page"}],"author":[{"embeddable":true,"href":"https:\/\/andarserveis.com\/pt-pt\/wp-json\/wp\/v2\/users\/1"}],"replies":[{"embeddable":true,"href":"https:\/\/andarserveis.com\/pt-pt\/wp-json\/wp\/v2\/comments?post=1018"}],"version-history":[{"count":20,"href":"https:\/\/andarserveis.com\/pt-pt\/wp-json\/wp\/v2\/pages\/1018\/revisions"}],"predecessor-version":[{"id":4061,"href":"https:\/\/andarserveis.com\/pt-pt\/wp-json\/wp\/v2\/pages\/1018\/revisions\/4061"}],"wp:featuredmedia":[{"embeddable":true,"href":"https:\/\/andarserveis.com\/pt-pt\/wp-json\/wp\/v2\/media\/2800"}],"wp:attachment":[{"href":"https:\/\/andarserveis.com\/pt-pt\/wp-json\/wp\/v2\/media?parent=1018"}],"curies":[{"name":"wp","href":"https:\/\/api.w.org\/{rel}","templated":true}]}}