{"id":980,"date":"2023-05-25T08:11:47","date_gmt":"2023-05-25T08:11:47","guid":{"rendered":"https:\/\/andarserveis.com\/contact\/"},"modified":"2025-08-14T10:58:46","modified_gmt":"2025-08-14T10:58:46","slug":"contact","status":"publish","type":"page","link":"https:\/\/andarserveis.com\/fr\/contact\/","title":{"rendered":"Contactez-nous !!"},"content":{"rendered":"<h2 style=\"text-align: left;\"> <\/h2>\n<p><img decoding=\"async\" class=\"size-medium wp-image-3945 alignleft\" src=\"https:\/\/andarserveis.com\/wp-content\/uploads\/2025\/08\/ChatGPT-Image-11-ago-2025-12_55_42-300x200.png\" alt=\"\" width=\"300\" height=\"200\" srcset=\"https:\/\/andarserveis.com\/wp-content\/uploads\/2025\/08\/ChatGPT-Image-11-ago-2025-12_55_42-300x200.png 300w, https:\/\/andarserveis.com\/wp-content\/uploads\/2025\/08\/ChatGPT-Image-11-ago-2025-12_55_42-1024x683.png 1024w, https:\/\/andarserveis.com\/wp-content\/uploads\/2025\/08\/ChatGPT-Image-11-ago-2025-12_55_42-768x512.png 768w, https:\/\/andarserveis.com\/wp-content\/uploads\/2025\/08\/ChatGPT-Image-11-ago-2025-12_55_42.png 1536w\" sizes=\"(max-width: 300px) 100vw, 300px\" \/><\/p>\n<h4><strong>Nous sommes l\u00e0 pour vous !   <\/strong><\/h4>\n<h4><strong>Chez Andar Serveis, nous nous adaptons \u00e0 vos besoins.<\/strong><\/h4>\n<p>Si vous avez besoin d&#8217;aide pour la gestion de votre r\u00e9sidence secondaire, vos courses personnelles, votre m\u00e9nage, vos livraisons, vos r\u00e9servations ou d&#8217;autres services personnalis\u00e9s, n&#8217;h\u00e9sitez pas \u00e0 nous contacter.<\/p>\n<p>Dites-nous ce dont vous avez besoin et nous nous en occuperons.<\/p>\n<h4><strong>Demandez votre service rapidement et facilement :<\/strong><\/h4>\n<p>? T\u00e9l\u00e9phone : +376 834 699<br \/>? Courriel : info@andarserveis.com<br \/>? WhatsApp : +376 834 699<\/p>\n<h4>Nous serions ravis de vous aider !<\/h4>\n<p>Vous pouvez \u00e9galement nous retrouver sur nos r\u00e9seaux sociaux o\u00f9 nous partageons les derni\u00e8res nouvelles et mises \u00e0 jour concernant Andar Serveis.<\/p>\n<p><a href=\"https:\/\/www.facebook.com\/people\/Andar-Serveis\/100083334191115\/\" target=\"_blank\" rel=\"noopener\"><img decoding=\"async\" class=\"alignnone wp-image-3996\" src=\"https:\/\/andarserveis.com\/wp-content\/uploads\/2025\/08\/facebook-a.jpg\" alt=\"\" width=\"45\" height=\"59\"><\/a> <a href=\"https:\/\/www.instagram.com\/andarserveis\/?hl=es\" target=\"_blank\" rel=\"noopener\"><img decoding=\"async\" class=\"alignnone wp-image-4001\" src=\"https:\/\/andarserveis.com\/wp-content\/uploads\/2025\/08\/instagram-a.jpg\" alt=\"\" width=\"46\" height=\"60\"><\/a> <a href=\"https:\/\/www.linkedin.com\/in\/carina-tamier-vacher-4a03167b\/\" target=\"_blank\" rel=\"noopener\"><img decoding=\"async\" class=\"alignnone wp-image-4006\" src=\"https:\/\/andarserveis.com\/wp-content\/uploads\/2025\/08\/linkedin-a.jpg\" alt=\"\" width=\"44\" height=\"58\"><\/a><\/p>\n\n<p><\/p>\n","protected":false},"excerpt":{"rendered":"<p>Contactez-nous !! Notre \u00e9quipe de service client s&#8217;engage \u00e0 fournir la meilleure exp\u00e9rience possible. Besoin d&#8217;aide, d&#8217;informations sur nos services ou simplement de nous dire bonjour ? N&#8217;h\u00e9sitez pas \u00e0 nous contacter ou \u00e0 nous envoyer un e-mail \u00e0 info@andarserveis.com. Nos sp\u00e9cialistes sont l\u00e0 pour vous aider. Nous nous effor\u00e7ons de r\u00e9pondre \u00e0 toutes les demandes dans les 24 heures.<\/p>\n","protected":false},"author":1,"featured_media":2799,"parent":0,"menu_order":0,"comment_status":"closed","ping_status":"closed","template":"","meta":{"_seopress_robots_primary_cat":"","_seopress_titles_title":"Contact, contact, contact et service, mail, t\u00e9l, WhatsApp","_seopress_titles_desc":"Contactez-nous !! Chez Andar Serveis, nous sommes toujours pr\u00eats \u00e0 \u00e9couter vos questions, commentaires et suggestions. Notre \u00e9quipe de service client s'engage \u00e0 fournir la meilleure exp\u00e9rience possible. Besoin d'aide, d'informations sur nos services ou simplement de nous dire bonjour ? N'h\u00e9sitez pas \u00e0 nous contacter ou \u00e0 nous envoyer un e-mail \u00e0 info@andarserveis.com. Nos sp\u00e9cialistes sont l\u00e0 pour vous aider. Nous nous effor\u00e7ons de r\u00e9pondre \u00e0 toutes les demandes dans les 24 heures.","_seopress_robots_index":"","inline_featured_image":false,"footnotes":""},"class_list":["post-980","page","type-page","status-publish","has-post-thumbnail","hentry"],"_links":{"self":[{"href":"https:\/\/andarserveis.com\/fr\/wp-json\/wp\/v2\/pages\/980","targetHints":{"allow":["GET"]}}],"collection":[{"href":"https:\/\/andarserveis.com\/fr\/wp-json\/wp\/v2\/pages"}],"about":[{"href":"https:\/\/andarserveis.com\/fr\/wp-json\/wp\/v2\/types\/page"}],"author":[{"embeddable":true,"href":"https:\/\/andarserveis.com\/fr\/wp-json\/wp\/v2\/users\/1"}],"replies":[{"embeddable":true,"href":"https:\/\/andarserveis.com\/fr\/wp-json\/wp\/v2\/comments?post=980"}],"version-history":[{"count":19,"href":"https:\/\/andarserveis.com\/fr\/wp-json\/wp\/v2\/pages\/980\/revisions"}],"predecessor-version":[{"id":4060,"href":"https:\/\/andarserveis.com\/fr\/wp-json\/wp\/v2\/pages\/980\/revisions\/4060"}],"wp:featuredmedia":[{"embeddable":true,"href":"https:\/\/andarserveis.com\/fr\/wp-json\/wp\/v2\/media\/2799"}],"wp:attachment":[{"href":"https:\/\/andarserveis.com\/fr\/wp-json\/wp\/v2\/media?parent=980"}],"curies":[{"name":"wp","href":"https:\/\/api.w.org\/{rel}","templated":true}]}}