{"id":3663,"date":"2025-07-05T16:54:25","date_gmt":"2025-07-05T16:54:25","guid":{"rendered":"https:\/\/andarserveis.com\/gestion-dappartements-touristiques-et-de-residences-secondaires\/"},"modified":"2025-08-11T09:24:29","modified_gmt":"2025-08-11T09:24:29","slug":"gestion-dappartements-touristiques-et-de-residences-secondaires","status":"publish","type":"page","link":"https:\/\/andarserveis.com\/fr\/gestion-dappartements-touristiques-et-de-residences-secondaires\/","title":{"rendered":"Gestion d&#8217;appartements touristiques et de r\u00e9sidences secondaires"},"content":{"rendered":"\n<p class=\"has-medium-font-size\"><strong>Nous prenons en charge la gestion compl\u00e8te de votre appartement de vacances ou l&#8217;entretien et la surveillance de votre r\u00e9sidence secondaire pendant votre absence.<\/strong><\/p>\n\n\n\n<h2 class=\"wp-block-heading\">Appartements touristiques<\/h2>\n\n\n\n<p><br><\/p>\n\n\n\n<p class=\"has-text-align-center\"><strong>Nous offrons un service personnalis\u00e9 comprenant :<\/strong><\/p>\n\n\n<div class=\"wp-block-image\">\n<figure class=\"alignleft size-full is-resized\"><img decoding=\"async\" width=\"623\" height=\"438\" src=\"https:\/\/andarserveis.com\/wp-content\/uploads\/2025\/07\/Turist.png\" alt=\"\" class=\"wp-image-3653\" style=\"width:426px;height:auto\" srcset=\"https:\/\/andarserveis.com\/wp-content\/uploads\/2025\/07\/Turist.png 623w, https:\/\/andarserveis.com\/wp-content\/uploads\/2025\/07\/Turist-300x211.png 300w\" sizes=\"(max-width: 623px) 100vw, 623px\" \/><\/figure>\n<\/div>\n\n\n<p><br>\u2726 Enregistrement et d\u00e9part professionnels : nous accueillons vos h\u00f4tes ponctuellement et avec courtoisie, en leur fournissant toutes les informations n\u00e9cessaires \u00e0 un s\u00e9jour confortable.<br>\u2726 Nettoyage et entretien : Nous nous assurons que chaque appartement est impeccable avant et apr\u00e8s chaque r\u00e9servation.<br>\u2726 Une attention tout au long de leur s\u00e9jour : Nous serons l\u00e0 pour vos invit\u00e9s avec tout ce dont ils ont besoin, des recommandations locales \u00e0 la r\u00e9solution de probl\u00e8mes inattendus.<br>\u2726 Gestion des r\u00e9servations et de la communication : Nous prenons en charge les clients depuis le premier contact jusqu&#8217;\u00e0 leur d\u00e9part.<br>\u2726Contr\u00f4le et r\u00e9approvisionnement du mat\u00e9riel : Nous contr\u00f4lons et r\u00e9approvisionnons, si n\u00e9cessaire, le mat\u00e9riel tel que le papier toilette, les produits d&#8217;entretien, etc.<br>\u2726 Cr\u00e9ation de contenu et de photos pour nos r\u00e9seaux sociaux et notre site web.<\/p>\n\n\n\n<p><\/p>\n\n\n\n<h2 class=\"wp-block-heading\">R\u00e9sidence secondaire.<\/h2>\n\n\n<div class=\"wp-block-image\">\n<figure class=\"alignleft size-full is-resized\"><img decoding=\"async\" width=\"1024\" height=\"1024\" src=\"https:\/\/andarserveis.com\/wp-content\/uploads\/2024\/01\/Pisoenandorra_andarserveis.jpg\" alt=\"\" class=\"wp-image-2654\" style=\"width:296px;height:auto\" srcset=\"https:\/\/andarserveis.com\/wp-content\/uploads\/2024\/01\/Pisoenandorra_andarserveis.jpg 1024w, https:\/\/andarserveis.com\/wp-content\/uploads\/2024\/01\/Pisoenandorra_andarserveis-300x300.jpg 300w, https:\/\/andarserveis.com\/wp-content\/uploads\/2024\/01\/Pisoenandorra_andarserveis-150x150.jpg 150w, https:\/\/andarserveis.com\/wp-content\/uploads\/2024\/01\/Pisoenandorra_andarserveis-768x768.jpg 768w\" sizes=\"(max-width: 1024px) 100vw, 1024px\" \/><\/figure>\n<\/div>\n\n\n<p><br>\u2726 Garde-cl\u00e9s s\u00e9curis\u00e9<br>\u2726 Nettoyage et entretien r\u00e9guliers<br>\u2726 Surveillance des lieux et collecte du courrier<br>\u2726 Remise des cl\u00e9s aux membres de la famille ou au personnel autoris\u00e9<br>\u2726 Surveillance r\u00e9guli\u00e8re pour d\u00e9tecter tout incident<br>\u2726 Gestion des services (\u00e9lectricit\u00e9, chauffage, eau, etc.)<\/p>\n\n\n\n<p class=\"has-text-align-center has-medium-font-size\"><br><\/p>\n\n\n\n<p class=\"has-text-align-center\"><strong>Ne vous souciez de rien. Profitez, on s&#8217;en occupe. <\/strong><\/p>\n\n\n\n<p><\/p>\n","protected":false},"excerpt":{"rendered":"<p>Nous prenons en charge la gestion compl\u00e8te de votre appartement de vacances ou l&#8217;entretien et la surveillance de votre r\u00e9sidence secondaire pendant votre absence. Appartements touristiques Nous offrons un service personnalis\u00e9 comprenant : \u2726 Enregistrement et d\u00e9part professionnels : nous accueillons vos h\u00f4tes ponctuellement et avec courtoisie, en leur fournissant toutes les informations n\u00e9cessaires \u00e0 [&hellip;]<\/p>\n","protected":false},"author":2,"featured_media":0,"parent":0,"menu_order":0,"comment_status":"closed","ping_status":"closed","template":"","meta":{"_seopress_robots_primary_cat":"","_seopress_titles_title":"Gesti\u00f3n de Apartamentos Tur\u00edsticos y Segunda Residencia","_seopress_titles_desc":"Gesti\u00f3n profesional de apartamentos tur\u00edsticos y segunda residencia en Andorra. Mantenimiento, limpieza y atenci\u00f3n personalizada para tu propiedad, est\u00e9s o no est\u00e9s y \r\ngestionamos tu apartamento tur\u00edstico en Andorra: check-in, limpieza, atenci\u00f3n al hu\u00e9sped y optimizaci\u00f3n de reservas. Disfruta de ingresos sin complicaciones.","_seopress_robots_index":"","_seopress_analysis_target_kw":"Gesti\u00f3n de apartamentos tur\u00edsticos:,administraci\u00f3n de pisos tur\u00edsticos,empresa de gesti\u00f3n tur\u00edstica en Andorra,servicios de gesti\u00f3n para viviendas tur\u00edsticas,gesti\u00f3n integral de alojamientos tur\u00edsticos,servicios para propietarios de apartamentos tur\u00edsticos,gesti\u00f3n de segunda residencia en Andorra,empresa de confianza para cuidar tu casa,segunda residencia segura y bien cuidada,servicios para propietarios de segunda vivienda en Andorra,asistencia para propietarios no residentes","inline_featured_image":false,"footnotes":""},"class_list":["post-3663","page","type-page","status-publish","hentry"],"_links":{"self":[{"href":"https:\/\/andarserveis.com\/fr\/wp-json\/wp\/v2\/pages\/3663","targetHints":{"allow":["GET"]}}],"collection":[{"href":"https:\/\/andarserveis.com\/fr\/wp-json\/wp\/v2\/pages"}],"about":[{"href":"https:\/\/andarserveis.com\/fr\/wp-json\/wp\/v2\/types\/page"}],"author":[{"embeddable":true,"href":"https:\/\/andarserveis.com\/fr\/wp-json\/wp\/v2\/users\/2"}],"replies":[{"embeddable":true,"href":"https:\/\/andarserveis.com\/fr\/wp-json\/wp\/v2\/comments?post=3663"}],"version-history":[{"count":11,"href":"https:\/\/andarserveis.com\/fr\/wp-json\/wp\/v2\/pages\/3663\/revisions"}],"predecessor-version":[{"id":3883,"href":"https:\/\/andarserveis.com\/fr\/wp-json\/wp\/v2\/pages\/3663\/revisions\/3883"}],"wp:attachment":[{"href":"https:\/\/andarserveis.com\/fr\/wp-json\/wp\/v2\/media?parent=3663"}],"curies":[{"name":"wp","href":"https:\/\/api.w.org\/{rel}","templated":true}]}}