{"id":3576,"date":"2025-07-03T14:38:35","date_gmt":"2025-07-03T14:38:35","guid":{"rendered":"https:\/\/andarserveis.com\/service-sur-mesure\/"},"modified":"2025-08-11T10:28:34","modified_gmt":"2025-08-11T10:28:34","slug":"service-sur-mesure","status":"publish","type":"page","link":"https:\/\/andarserveis.com\/fr\/service-sur-mesure\/","title":{"rendered":"Service sur mesure"},"content":{"rendered":"\n<p><\/p>\n\n\n\n<p>Vous \u00e9conomiserez du temps, de l&#8217;<strong>\u00e9nergie,<\/strong> des<strong> ressources pr\u00e9cieuses <\/strong>pour votre vie priv\u00e9e et gagnerez du temps pour en profiter davantage.<\/p>\n\n\n\n<p>Les <strong>services personnalis\u00e9s<\/strong> sont con\u00e7us pour r\u00e9pondre \u00e0 vos besoins de mani\u00e8re unique et <strong>adapt\u00e9e \u00e0 vos go\u00fbts<\/strong> et pr\u00e9f\u00e9rences.<\/p>\n\n\n\n<p>Si un service standard ne suffit pas ou si vous ne trouvez pas exactement ce dont vous avez besoin, nous \u00e9coutons vos exigences et souhaits pour trouver la <strong>meilleure solution<\/strong> pour satisfaire tous <strong>vos besoins.<\/strong> .<\/p>\n\n\n\n<p><strong>Achat personnel et achat de cadeaux<\/strong><\/p>\n\n\n\n<p><strong>Vous n&#8217;avez pas le temps de faire vos achats?<\/strong> Nous pouvons le faire pour vous.<\/p>\n\n\n<div class=\"wp-block-image\">\n<figure class=\"alignleft size-full is-resized\"><img decoding=\"async\" width=\"598\" height=\"347\" src=\"https:\/\/andarserveis.com\/wp-content\/uploads\/2023\/05\/personalizado.jpg\" alt=\"\" class=\"wp-image-894\" style=\"width:261px;height:auto\" srcset=\"https:\/\/andarserveis.com\/wp-content\/uploads\/2023\/05\/personalizado.jpg 598w, https:\/\/andarserveis.com\/wp-content\/uploads\/2023\/05\/personalizado-300x174.jpg 300w\" sizes=\"(max-width: 598px) 100vw, 598px\" \/><\/figure>\n<\/div>\n\n\n<p>\u2726 Cadeaux, nourriture, v\u00eatements, articles m\u00e9nagers, \u00e9lectrom\u00e9nagers : nous pouvons vous accompagner dans tous vos projets.<br>\u2726 Nous prenons le temps de rechercher et de trouver des produits de la plus haute qualit\u00e9, adapt\u00e9s \u00e0 votre budget.<br>\u2726 Si vous souhaitez acheter un cadeau d&#8217;anniversaire, une f\u00eate ou une surprise et que vous ne savez pas par o\u00f9 commencer, laissez-nous vous aider.<br>\u2726 Nous vous faisons des recommandations en fonction de vos besoins et des go\u00fbts du destinataire.<br>\u2726 Nous nous assurons que le cadeau est emball\u00e9 et livr\u00e9 \u00e0 l&#8217;adresse et \u00e0 la date indiqu\u00e9es.<\/p>\n\n\n\n<p><\/p>\n\n\n\n<p><strong> Vous ne vous souvenez g\u00e9n\u00e9ralement pas des anniversaires et autres dates cl\u00e9s ?<\/strong> <\/p>\n\n\n\n<p>\u2726Ne vous inqui\u00e9tez pas, nous pouvons rester au courant de toutes ces dates et nous assurer que les cartes et les cadeaux sont envoy\u00e9s \u00e0 temps. <br>\u2726Vous n&#8217;aurez plus jamais \u00e0 vous excuser ni \u00e0 envoyer de cartes \u00ab d\u00e9sol\u00e9, j&#8217;ai oubli\u00e9 \u00bb.<\/p>\n\n\n\n<p><strong>Tous services personnalis\u00e9s :<\/strong><\/p>\n\n\n\n<p>\u2726Toujours \u00e0 l&#8217;\u00e9coute et en contact permanent avec nos clients dans la plus grande discr\u00e9tion, il vous suffit de demander notre service personnalis\u00e9. <br>\u2726Imaginez ce que d\u00e9l\u00e9guer des t\u00e2ches \u00e0 un assistant et avoir plus de temps pour simplement profiter pourrait signifier pour votre vie&#8230;<\/p>\n\n\n\n<figure class=\"wp-block-gallery has-nested-images columns-default is-cropped wp-block-gallery-1 is-layout-flex wp-block-gallery-is-layout-flex\"><\/figure>\n","protected":false},"excerpt":{"rendered":"<p>Vous \u00e9conomiserez du temps, de l&#8217;\u00e9nergie, des ressources pr\u00e9cieuses pour votre vie priv\u00e9e et gagnerez du temps pour en profiter davantage. Les services personnalis\u00e9s sont con\u00e7us pour r\u00e9pondre \u00e0 vos besoins de mani\u00e8re unique et adapt\u00e9e \u00e0 vos go\u00fbts et pr\u00e9f\u00e9rences. Si un service standard ne suffit pas ou si vous ne trouvez pas exactement [&hellip;]<\/p>\n","protected":false},"author":2,"featured_media":0,"parent":0,"menu_order":0,"comment_status":"closed","ping_status":"closed","template":"","meta":{"_seopress_robots_primary_cat":"","_seopress_titles_title":"","_seopress_titles_desc":"","_seopress_robots_index":"","inline_featured_image":false,"footnotes":""},"class_list":["post-3576","page","type-page","status-publish","hentry"],"_links":{"self":[{"href":"https:\/\/andarserveis.com\/fr\/wp-json\/wp\/v2\/pages\/3576","targetHints":{"allow":["GET"]}}],"collection":[{"href":"https:\/\/andarserveis.com\/fr\/wp-json\/wp\/v2\/pages"}],"about":[{"href":"https:\/\/andarserveis.com\/fr\/wp-json\/wp\/v2\/types\/page"}],"author":[{"embeddable":true,"href":"https:\/\/andarserveis.com\/fr\/wp-json\/wp\/v2\/users\/2"}],"replies":[{"embeddable":true,"href":"https:\/\/andarserveis.com\/fr\/wp-json\/wp\/v2\/comments?post=3576"}],"version-history":[{"count":7,"href":"https:\/\/andarserveis.com\/fr\/wp-json\/wp\/v2\/pages\/3576\/revisions"}],"predecessor-version":[{"id":3929,"href":"https:\/\/andarserveis.com\/fr\/wp-json\/wp\/v2\/pages\/3576\/revisions\/3929"}],"wp:attachment":[{"href":"https:\/\/andarserveis.com\/fr\/wp-json\/wp\/v2\/media?parent=3576"}],"curies":[{"name":"wp","href":"https:\/\/api.w.org\/{rel}","templated":true}]}}