{"id":3534,"date":"2025-07-02T17:46:44","date_gmt":"2025-07-02T17:46:44","guid":{"rendered":"https:\/\/andarserveis.com\/planifiez-votre-sejour\/"},"modified":"2025-08-11T10:04:32","modified_gmt":"2025-08-11T10:04:32","slug":"planifiez-votre-sejour","status":"publish","type":"page","link":"https:\/\/andarserveis.com\/fr\/planifiez-votre-sejour\/","title":{"rendered":"Planifiez votre s\u00e9jour"},"content":{"rendered":"\n<h2 class=\"wp-block-heading\">Votre exp\u00e9rience compl\u00e8te en Andorre, organis\u00e9e en d\u00e9tail par Andar Serveis<\/h2>\n\n\n\n<p>Che<strong>z Andar Serveis<\/strong>, nous nous occupons de g\u00e9rer tous les aspects de votre s\u00e9jour en Andorre :<\/p>\n\n\n\n<h3 class=\"wp-block-heading\"><\/h3>\n\n\n<div class=\"wp-block-image\">\n<figure class=\"alignleft size-full is-resized\"><img decoding=\"async\" width=\"901\" height=\"923\" src=\"https:\/\/andarserveis.com\/wp-content\/uploads\/2025\/07\/planifica-tu-estancia.png\" alt=\"\" class=\"wp-image-3706\" style=\"width:316px;height:auto\" srcset=\"https:\/\/andarserveis.com\/wp-content\/uploads\/2025\/07\/planifica-tu-estancia.png 901w, https:\/\/andarserveis.com\/wp-content\/uploads\/2025\/07\/planifica-tu-estancia-293x300.png 293w, https:\/\/andarserveis.com\/wp-content\/uploads\/2025\/07\/planifica-tu-estancia-768x787.png 768w\" sizes=\"(max-width: 901px) 100vw, 901px\" \/><\/figure>\n<\/div>\n\n\n<p>\u2726 <strong>Transfert priv\u00e9 <\/strong>depuis et vers l&#8217;a\u00e9roport d&#8217;Andorre et en Andorre<br>\u2726<strong> R\u00e9servations d&#8217;h\u00f4tels<\/strong> sur mesure<br>\u2726 Location de<strong> moniteurs de ski <\/strong>et cours personnalis\u00e9s<br>\u2726 <strong>Location de mat\u00e9riel <\/strong>de ski de qualit\u00e9<br>\u2726 Organisation <strong>d&#8217;activit\u00e9s <\/strong>pour tous les \u00e2ges<br>\u2726 Recommandations et <strong>r\u00e9servations<\/strong> dans les meilleurs restaurants<\/p>\n\n\n\n<p>Nous nous occupons de tout, de la recherche des meilleures options \u00e0 la <strong>confirmation de chaque r\u00e9servation.<\/strong> De plus, nous sommes toujours disponibles pour r\u00e9pondre \u00e0 vos questions ou <strong>demandes sp\u00e9ciales.<\/strong><\/p>\n\n\n\n<h4 class=\"wp-block-heading\"><strong>                                             <\/strong><\/h4>\n\n\n\n<h4 class=\"wp-block-heading has-text-align-center\"><strong> Profitez-en, on s&#8217;occupe du reste. <\/strong><\/h4>\n\n\n\n<p><\/p>\n","protected":false},"excerpt":{"rendered":"<p>Votre exp\u00e9rience compl\u00e8te en Andorre, organis\u00e9e en d\u00e9tail par Andar Serveis Chez Andar Serveis, nous nous occupons de g\u00e9rer tous les aspects de votre s\u00e9jour en Andorre : \u2726 Transfert priv\u00e9 depuis et vers l&#8217;a\u00e9roport d&#8217;Andorre et en Andorre\u2726 R\u00e9servations d&#8217;h\u00f4tels sur mesure\u2726 Location de moniteurs de ski et cours personnalis\u00e9s\u2726 Location de mat\u00e9riel de [&hellip;]<\/p>\n","protected":false},"author":2,"featured_media":0,"parent":0,"menu_order":0,"comment_status":"closed","ping_status":"closed","template":"","meta":{"_seopress_robots_primary_cat":"","_seopress_titles_title":"","_seopress_titles_desc":"","_seopress_robots_index":"","inline_featured_image":false,"footnotes":""},"class_list":["post-3534","page","type-page","status-publish","hentry"],"_links":{"self":[{"href":"https:\/\/andarserveis.com\/fr\/wp-json\/wp\/v2\/pages\/3534","targetHints":{"allow":["GET"]}}],"collection":[{"href":"https:\/\/andarserveis.com\/fr\/wp-json\/wp\/v2\/pages"}],"about":[{"href":"https:\/\/andarserveis.com\/fr\/wp-json\/wp\/v2\/types\/page"}],"author":[{"embeddable":true,"href":"https:\/\/andarserveis.com\/fr\/wp-json\/wp\/v2\/users\/2"}],"replies":[{"embeddable":true,"href":"https:\/\/andarserveis.com\/fr\/wp-json\/wp\/v2\/comments?post=3534"}],"version-history":[{"count":3,"href":"https:\/\/andarserveis.com\/fr\/wp-json\/wp\/v2\/pages\/3534\/revisions"}],"predecessor-version":[{"id":3896,"href":"https:\/\/andarserveis.com\/fr\/wp-json\/wp\/v2\/pages\/3534\/revisions\/3896"}],"wp:attachment":[{"href":"https:\/\/andarserveis.com\/fr\/wp-json\/wp\/v2\/media?parent=3534"}],"curies":[{"name":"wp","href":"https:\/\/api.w.org\/{rel}","templated":true}]}}