{"id":3518,"date":"2025-07-03T14:51:23","date_gmt":"2025-07-03T14:51:23","guid":{"rendered":"https:\/\/andarserveis.com\/casiers-et-consignes-skis\/"},"modified":"2025-08-11T10:41:21","modified_gmt":"2025-08-11T10:41:21","slug":"casiers-et-consignes-skis","status":"publish","type":"page","link":"https:\/\/andarserveis.com\/fr\/casiers-et-consignes-skis\/","title":{"rendered":"Casiers et consignes skis"},"content":{"rendered":"\n<p>Nous comprenons \u00e0 quel point il est important pour les amateurs de ski d&#8217;avoir un <strong>endroit s\u00e9curis\u00e9<\/strong> pour entreposer leur mat\u00e9riel <strong>toute l&#8217;ann\u00e9e<\/strong>. C&#8217;est pourquoi nous proposons un service de stockage de skis disponible en toutes les saisons.<\/p>\n\n\n\n<p>Notre service de garde-skis allie <strong>s\u00e9curit\u00e9 et qualit\u00e9.<\/strong> <\/p>\n\n\n\n<p>Un <strong>garde skis individuel et personnalis\u00e9<\/strong> pour chaque client, o\u00f9 il pourra ranger ses skis, chaussures, casque&#8230;<\/p>\n\n\n\n<p> De plus, nous nous soucions du confort de nos clients avec <strong>un service de livraison et reprise du matereil sur leur lieu de s\u00e9jour.<\/strong> Avec juste un WhatsApp ou un appel, nous veillons \u00e0 ce que vous ayez tout pour profiter du ski et lorsque vous avez termin\u00e9, nous venons le chercher.<\/p>\n\n\n\n<p>Nous offrons \u00e9galement des services suppl\u00e9mentaires, tels que <strong>l&#8217;entretien et la r\u00e9paration de l&#8217;\u00e9quipement<\/strong>, afin que vous puissiez garder votre \u00e9quipement en parfait \u00e9tat tout au long de l&#8217;ann\u00e9e.<\/p>\n\n\n\n<p>En r\u00e9sum\u00e9, notre service de stockage de skis toute l&#8217;ann\u00e9e offre s\u00e9curit\u00e9, confort et commodit\u00e9 aux amateurs de ski. Si vous cherchez un endroit s\u00fbr pour entreposer votre mat\u00e9riel de ski tout au long de l&#8217;ann\u00e9e, n&#8217;h\u00e9sitez pas \u00e0 nous contacter. Nous serons heureux de pouvoir vous aider. <\/p>\n\n\n\n<p><\/p>\n\n\n\n<p><strong>Guarde skis personnalis\u00e9 en hiver<\/strong><\/p>\n\n\n<div class=\"wp-block-image\">\n<figure class=\"alignleft size-full is-resized\"><img decoding=\"async\" width=\"1024\" height=\"1024\" src=\"https:\/\/andarserveis.com\/wp-content\/uploads\/2023\/08\/ski-storage-wit-0.jpg\" alt=\"\" class=\"wp-image-1273\" style=\"width:249px;height:auto\" srcset=\"https:\/\/andarserveis.com\/wp-content\/uploads\/2023\/08\/ski-storage-wit-0.jpg 1024w, https:\/\/andarserveis.com\/wp-content\/uploads\/2023\/08\/ski-storage-wit-0-300x300.jpg 300w, https:\/\/andarserveis.com\/wp-content\/uploads\/2023\/08\/ski-storage-wit-0-150x150.jpg 150w, https:\/\/andarserveis.com\/wp-content\/uploads\/2023\/08\/ski-storage-wit-0-768x768.jpg 768w\" sizes=\"(max-width: 1024px) 100vw, 1024px\" \/><\/figure>\n<\/div>\n\n\n<p>\u2726 Nous stockons vos skis entre deux locaux. <br>\u2726 Nous prenons et r\u00e9cup\u00e9rons vos skis sur votre lieu de s\u00e9jour.<br>\u2726 Nous prenons soin de vos chaussures (s\u00e9ch\u00e9es et d\u00e9sinfect\u00e9es) pendant que vous ne skiez pas.<br>\u2726 Nous pr\u00e9parons vos skis (fartage, carres, etc.)<\/p>\n\n\n\n<p><strong>Casiers skis personnalis\u00e9 en \u00e9t\u00e9 <\/strong><\/p>\n\n\n\n<p>\u2726 Vous disposez de peu d\u2019espace pour ranger vos skis en \u00e9t\u00e9.<br>\u2726 Nous les gardons dans un endroit sec.<br>\u2726 Nous prenons en charge l&#8217;entretien n\u00e9cessaire de vos skis et chaussures.<\/p>\n","protected":false},"excerpt":{"rendered":"<p>Nous comprenons \u00e0 quel point il est important pour les amateurs de ski d&#8217;avoir un endroit s\u00e9curis\u00e9 pour entreposer leur mat\u00e9riel toute l&#8217;ann\u00e9e. C&#8217;est pourquoi nous proposons un service de stockage de skis disponible en toutes les saisons. Notre service de garde-skis allie s\u00e9curit\u00e9 et qualit\u00e9. Un garde skis individuel et personnalis\u00e9 pour chaque client, [&hellip;]<\/p>\n","protected":false},"author":2,"featured_media":0,"parent":0,"menu_order":0,"comment_status":"closed","ping_status":"closed","template":"","meta":{"_seopress_robots_primary_cat":"","_seopress_titles_title":"","_seopress_titles_desc":"","_seopress_robots_index":"","inline_featured_image":false,"footnotes":""},"class_list":["post-3518","page","type-page","status-publish","hentry"],"_links":{"self":[{"href":"https:\/\/andarserveis.com\/fr\/wp-json\/wp\/v2\/pages\/3518","targetHints":{"allow":["GET"]}}],"collection":[{"href":"https:\/\/andarserveis.com\/fr\/wp-json\/wp\/v2\/pages"}],"about":[{"href":"https:\/\/andarserveis.com\/fr\/wp-json\/wp\/v2\/types\/page"}],"author":[{"embeddable":true,"href":"https:\/\/andarserveis.com\/fr\/wp-json\/wp\/v2\/users\/2"}],"replies":[{"embeddable":true,"href":"https:\/\/andarserveis.com\/fr\/wp-json\/wp\/v2\/comments?post=3518"}],"version-history":[{"count":3,"href":"https:\/\/andarserveis.com\/fr\/wp-json\/wp\/v2\/pages\/3518\/revisions"}],"predecessor-version":[{"id":3944,"href":"https:\/\/andarserveis.com\/fr\/wp-json\/wp\/v2\/pages\/3518\/revisions\/3944"}],"wp:attachment":[{"href":"https:\/\/andarserveis.com\/fr\/wp-json\/wp\/v2\/media?parent=3518"}],"curies":[{"name":"wp","href":"https:\/\/api.w.org\/{rel}","templated":true}]}}