{"id":3495,"date":"2025-07-02T17:36:27","date_gmt":"2025-07-02T17:36:27","guid":{"rendered":"https:\/\/andarserveis.com\/prestations-2\/"},"modified":"2026-01-24T15:57:48","modified_gmt":"2026-01-24T15:57:48","slug":"prestations-2","status":"publish","type":"page","link":"https:\/\/andarserveis.com\/fr\/prestations-2\/","title":{"rendered":"Service de conciergerie"},"content":{"rendered":"\n<h2 class=\"wp-block-heading\"><strong>Service de conciergerie en Andorre<\/strong><\/h2>\n\n<h4 class=\"wp-block-heading\">Un service de prestation personnalis\u00e9<\/h4>\n\n<p>Chez <strong>Andar Serveis<\/strong>, nous proposons un <strong>service de courses et de t\u00e2ches enti\u00e8rement personnalis\u00e9<\/strong> en Andorre, con\u00e7u pour vous aider lorsque vous n&#8217;avez pas le temps, les ressources ou que vous pr\u00e9f\u00e9rez simplement d\u00e9l\u00e9guer en toute tranquillit\u00e9 d&#8217;esprit.<\/p>\n\n<p>Nous prenons en charge vos <strong>gestion personal t\u00e2ches et besoins quotidiens<\/strong>, en \u00e9tant votre personne de confiance en Andorre.<br\/>Ce service est sp\u00e9cialement con\u00e7u pour les seniors, les r\u00e9sidents ayant un emploi du temps charg\u00e9 et les propri\u00e9taires de r\u00e9sidences secondaires.<\/p>\n\n<p>   <\/p>\n<div class=\"wp-block-image\">\n<figure class=\"alignleft is-resized\"><img decoding=\"async\" src=\"https:\/\/andarserveis.com\/wp-content\/uploads\/2025\/06\/andarserveis_recados_andorra-300x300.png\" alt=\"Service de prestations\" style=\"width:369px;height:auto\"\/><\/figure>\n<\/div>\n<h3 class=\"wp-block-heading\">Services de courses et de commissions en Andorre<\/h3>\n\n<p>Vous avez besoin d&#8217;aide pour des t\u00e2ches que vous ne pouvez pas accomplir par manque de temps, de mobilit\u00e9 ou \u00e0 cause de la distance ?<br\/>Chez<strong> Andar Serveis,<\/strong> nous savons que le quotidien peut \u00eatre exigeant. C&#8217;est pourquoi nous proposons un <strong>service flexible<\/strong> de courses et <strong><\/strong> flexible en Andorre, adapt\u00e9 \u00e0 chaque client. <\/p>\n\n<p>Nous prenons en charge les t\u00e2ches que vous ne pouvez ou ne souhaitez pas accomplir vous-m\u00eame, toujours avec <strong>discr\u00e9tion, efficacit\u00e9 et en toute confiance.<\/strong><\/p>\n\n<p><strong>Quel genre de courses effectuons-nous ?<\/strong><\/p>\n\n<p>\u2726 Courses et autres (supermarch\u00e9, pharmacie, etc.)<br\/>\u2726 Retrait ou livraison de colis<br\/>\u2726 D\u00e9marches administratives ou bancaires<br\/>\u2726 Accompagnement \u00e0 des rendez-vous ou des visites<br\/>\u2726 Assistance \u00e0 domicile (attente des techniciens, petites courses)<br\/>\u2726 Autres services personnalis\u00e9s<\/p>\n\n<p><strong>Un service flexible et discret, adapt\u00e9 \u00e0 vos besoins.<\/strong><\/p>\n\n<p>Nous nous adaptons enti\u00e8rement \u00e0 vos besoins. Vous nous dites ce dont vous avez besoin et nous nous chargeons de tout, en toute s\u00e9r\u00e9nit\u00e9, sachant que tout est entre de bonnes mains.<\/p>\n\n<p>\ud83d\udccd <strong>Nous sommes en Andorre<\/strong> et nous servons aussi bien les <strong>r\u00e9sidents<\/strong> que les <strong>propri\u00e9taires de r\u00e9sidences<\/strong> secondaires qui ont besoin d&#8217;une personne de confiance lorsqu&#8217;ils ne sont pas pr\u00e9sents.<\/p>\n\n<p><strong>Faites confiance \u00e0 Andar Serveis pour simplifier votre vie et retrouver la s\u00e9r\u00e9nit\u00e9.<\/strong><\/p>\n\n<p class=\"has-text-align-center\"><strong>Faites-nous confiance pour vous simplifier la vie.<\/strong><\/p>\n<div class=\"wp-block-image\">\n<figure class=\"aligncenter size-full is-resized\"><a href=\"https:\/\/wa.me\/376834699\" target=\"_blank\" rel=\" noreferrer noopener\"><img decoding=\"async\" width=\"429\" height=\"117\" src=\"https:\/\/andarserveis.com\/wp-content\/uploads\/2026\/01\/image-1.png\" alt=\"\" class=\"wp-image-4138\" style=\"aspect-ratio:3.6671421778411792;width:197px;height:auto\" srcset=\"https:\/\/andarserveis.com\/wp-content\/uploads\/2026\/01\/image-1.png 429w, https:\/\/andarserveis.com\/wp-content\/uploads\/2026\/01\/image-1-300x82.png 300w\" sizes=\"(max-width: 429px) 100vw, 429px\" \/><\/a><\/figure>\n<\/div>","protected":false},"excerpt":{"rendered":"<p>Service de conciergerie en Andorre Un service de prestation personnalis\u00e9 Chez Andar Serveis, nous proposons un service de courses et de t\u00e2ches enti\u00e8rement personnalis\u00e9 en Andorre, con\u00e7u pour vous aider lorsque vous n&#8217;avez pas le temps, les ressources ou que vous pr\u00e9f\u00e9rez simplement d\u00e9l\u00e9guer en toute tranquillit\u00e9 d&#8217;esprit. Nous prenons en charge vos gestion personal [&hellip;]<\/p>\n","protected":false},"author":2,"featured_media":0,"parent":0,"menu_order":0,"comment_status":"closed","ping_status":"closed","template":"","meta":{"_seopress_robots_primary_cat":"","_seopress_titles_title":"","_seopress_titles_desc":"Nous prenons en charge vos d\u00e9marches personnelles et professionnelles en Andorre rapidement, efficacement et avec un service personnalis\u00e9. Gagnez du temps et voyagez l'esprit tranquille gr\u00e2ce \u00e0 notre expertise. ","_seopress_robots_index":"","inline_featured_image":false,"footnotes":""},"class_list":["post-3495","page","type-page","status-publish","hentry"],"_links":{"self":[{"href":"https:\/\/andarserveis.com\/fr\/wp-json\/wp\/v2\/pages\/3495","targetHints":{"allow":["GET"]}}],"collection":[{"href":"https:\/\/andarserveis.com\/fr\/wp-json\/wp\/v2\/pages"}],"about":[{"href":"https:\/\/andarserveis.com\/fr\/wp-json\/wp\/v2\/types\/page"}],"author":[{"embeddable":true,"href":"https:\/\/andarserveis.com\/fr\/wp-json\/wp\/v2\/users\/2"}],"replies":[{"embeddable":true,"href":"https:\/\/andarserveis.com\/fr\/wp-json\/wp\/v2\/comments?post=3495"}],"version-history":[{"count":7,"href":"https:\/\/andarserveis.com\/fr\/wp-json\/wp\/v2\/pages\/3495\/revisions"}],"predecessor-version":[{"id":4156,"href":"https:\/\/andarserveis.com\/fr\/wp-json\/wp\/v2\/pages\/3495\/revisions\/4156"}],"wp:attachment":[{"href":"https:\/\/andarserveis.com\/fr\/wp-json\/wp\/v2\/media?parent=3495"}],"curies":[{"name":"wp","href":"https:\/\/api.w.org\/{rel}","templated":true}]}}