{"id":3438,"date":"2025-07-03T15:26:11","date_gmt":"2025-07-03T15:26:11","guid":{"rendered":"https:\/\/andarserveis.com\/quien-somos\/"},"modified":"2025-08-12T15:10:51","modified_gmt":"2025-08-12T15:10:51","slug":"quien-somos","status":"publish","type":"page","link":"https:\/\/andarserveis.com\/fr\/","title":{"rendered":"QUI SOMMES-NOUS?"},"content":{"rendered":"\n<h3 class=\"wp-block-heading\">&#8220;La cl\u00e9 de votre tranquillit\u00e9 d&#8217;esprit en Andorre.&#8221;<\/h3>\n\n<p>Chez<strong> Andar Serveis,<\/strong> nous <strong>prenons soin <\/strong>des personnes et de leurs <strong>maison<\/strong>s en Andorre depuis des ann\u00e9es. <\/p>\n\n<p>Notre objectif est de vous faciliter la vie avec un <strong>service proche<\/strong> et <strong>professionnel <\/strong>adapt\u00e9 \u00e0 vos besoins.<\/p>\n<div class=\"wp-block-image\">\n<figure class=\"alignleft size-full is-resized\"><img decoding=\"async\" width=\"598\" height=\"347\" src=\"https:\/\/andarserveis.com\/wp-content\/uploads\/2023\/05\/personalizado.jpg\" alt=\"\" class=\"wp-image-358\" style=\"width:378px;height:auto\" srcset=\"https:\/\/andarserveis.com\/wp-content\/uploads\/2023\/05\/personalizado.jpg 598w, https:\/\/andarserveis.com\/wp-content\/uploads\/2023\/05\/personalizado-300x174.jpg 300w\" sizes=\"(max-width: 598px) 100vw, 598px\" \/><\/figure><\/div>\n<p class=\"has-text-align-left\"><br\/>Nous sommes sp\u00e9cialis\u00e9s dans l<strong><em>&#8216;entretien de r\u00e9sidences secondaires<\/em><\/strong> et \u00e0 domicile, la <strong>gestion d&#8217;appartements de vacances<\/strong>, les <strong>servicespersonnalis\u00e9es <\/strong>et les<strong> services sur mesure pour les r\u00e9sidents et les visiteurs.<\/strong><br\/>\u2726 Garde des cl\u00e9s<br\/>\u2726 Visite du logement pour r\u00e9ception des commandes<br\/>\u2726 Mise en marche du chauffage<br\/>\u2726 Remise des cl\u00e9s aux proches ou au personnel autoris\u00e9<br\/>\u2726 R\u00e9alisation et\/ou livraison des courses<br\/>\u2726 Gestion des charges (\u00e9lectricit\u00e9, chauffage, eau, etc.)<br\/>\u2726 Nettoyage et entretien r\u00e9guliers<\/p>\n\n<div class=\"wp-block-columns is-layout-flex wp-container-core-columns-is-layout-9d6595d7 wp-block-columns-is-layout-flex\">\n<div class=\"wp-block-column is-layout-flow wp-block-column-is-layout-flow\" style=\"flex-basis:100%\"><\/div>\n<\/div>\n<div class=\"wp-block-image\">\n<figure class=\"alignleft size-full is-resized\"><img decoding=\"async\" width=\"598\" height=\"347\" src=\"https:\/\/andarserveis.com\/wp-content\/uploads\/2023\/05\/ski.jpg\" alt=\"\" class=\"wp-image-277\" style=\"width:378px;height:auto\" srcset=\"https:\/\/andarserveis.com\/wp-content\/uploads\/2023\/05\/ski.jpg 598w, https:\/\/andarserveis.com\/wp-content\/uploads\/2023\/05\/ski-300x174.jpg 300w\" sizes=\"(max-width: 598px) 100vw, 598px\" \/><\/figure><\/div>\n<p class=\"has-text-align-left\">Nous organisons \u00e9galement des <strong>s\u00e9jours complets pour ceux qui souhaitent profiter d&#8217;Andorre en toute s\u00e9r\u00e9nit\u00e9 <\/strong>:<br\/>\u2726 Transferts a\u00e9roport<br\/>\u2726 R\u00e9servations d&#8217;h\u00f4tel ou d&#8217;h\u00e9bergement<br\/>\u2726 Activit\u00e9s de montagne et de nature<br\/>\u2726 Forfaits de ski<br\/>\u2726 Location de mat\u00e9riel<br\/>\u2726 Cours avec un moniteur ou un guide<br\/>\u2726 Assistance personnalis\u00e9e tout au long de votre s\u00e9jour<\/p>\n\n<p><\/p>\n\n<p><\/p>\n\n<p class=\"has-text-align-left\">Notre travail est ax\u00e9 sur<strong> l&#8217;engagement, la confidentialit\u00e9 et le d\u00e9vouement, <\/strong>nous savons que chaque personne et chaque foyer m\u00e9ritent un traitement unique.<\/p>\n\n<p class=\"has-text-align-left\"><strong>Andar Serveis <\/strong>est l\u00e0 pour vous aider \u00e0 <strong>profiter pleinement d&#8217;Andorre.<\/strong><\/p>\n\n<p><\/p>\n\n<p class=\"has-text-align-center\"><br\/><strong><em>Vous r\u00eavez, nous nous occupons du reste.<\/em><\/strong><\/p>\n\n<p><\/p>\n","protected":false},"excerpt":{"rendered":"<p>&#8220;La cl\u00e9 de votre tranquillit\u00e9 d&#8217;esprit en Andorre.&#8221; Chez Andar Serveis, nous prenons soin des personnes et de leurs maisons en Andorre depuis des ann\u00e9es. Notre objectif est de vous faciliter la vie avec un service proche et professionnel adapt\u00e9 \u00e0 vos besoins. Nous sommes sp\u00e9cialis\u00e9s dans l&#8216;entretien de r\u00e9sidences secondaires et \u00e0 domicile, la [&hellip;]<\/p>\n","protected":false},"author":2,"featured_media":0,"parent":0,"menu_order":0,"comment_status":"closed","ping_status":"closed","template":"","meta":{"_seopress_robots_primary_cat":"","_seopress_titles_title":"Qui sommes-nous ? | Andar Serveis - Nous prenons soin des personnes et des foyers en Andorre","_seopress_titles_desc":"Chez Andar Serveis, nous prenons soin des particuliers, des maisons et des biens immobiliers en Andorre depuis des ann\u00e9es. Nous vous simplifions la vie gr\u00e2ce \u00e0 des services personnalis\u00e9s, conviviaux et fiables.","_seopress_robots_index":"","inline_featured_image":false,"footnotes":""},"class_list":["post-3438","page","type-page","status-publish","hentry"],"_links":{"self":[{"href":"https:\/\/andarserveis.com\/fr\/wp-json\/wp\/v2\/pages\/3438","targetHints":{"allow":["GET"]}}],"collection":[{"href":"https:\/\/andarserveis.com\/fr\/wp-json\/wp\/v2\/pages"}],"about":[{"href":"https:\/\/andarserveis.com\/fr\/wp-json\/wp\/v2\/types\/page"}],"author":[{"embeddable":true,"href":"https:\/\/andarserveis.com\/fr\/wp-json\/wp\/v2\/users\/2"}],"replies":[{"embeddable":true,"href":"https:\/\/andarserveis.com\/fr\/wp-json\/wp\/v2\/comments?post=3438"}],"version-history":[{"count":10,"href":"https:\/\/andarserveis.com\/fr\/wp-json\/wp\/v2\/pages\/3438\/revisions"}],"predecessor-version":[{"id":4046,"href":"https:\/\/andarserveis.com\/fr\/wp-json\/wp\/v2\/pages\/3438\/revisions\/4046"}],"wp:attachment":[{"href":"https:\/\/andarserveis.com\/fr\/wp-json\/wp\/v2\/media?parent=3438"}],"curies":[{"name":"wp","href":"https:\/\/api.w.org\/{rel}","templated":true}]}}