{"id":1007,"date":"2023-05-25T14:26:11","date_gmt":"2023-05-25T14:26:11","guid":{"rendered":"https:\/\/andarserveis.com\/politique-de-confidentialite\/"},"modified":"2023-06-26T16:51:17","modified_gmt":"2023-06-26T16:51:17","slug":"politique-de-confidentialite","status":"publish","type":"page","link":"https:\/\/andarserveis.com\/fr\/politique-de-confidentialite\/","title":{"rendered":"Politique de confidentialit\u00e9"},"content":{"rendered":"<style>\/*! elementor - v3.14.0 - 18-06-2023 *\/\n.elementor-heading-title{padding:0;margin:0;line-height:1}.elementor-widget-heading .elementor-heading-title[class*=elementor-size-]>a{color:inherit;font-size:inherit;line-height:inherit}.elementor-widget-heading .elementor-heading-title.elementor-size-small{font-size:15px}.elementor-widget-heading .elementor-heading-title.elementor-size-medium{font-size:19px}.elementor-widget-heading .elementor-heading-title.elementor-size-large{font-size:29px}.elementor-widget-heading .elementor-heading-title.elementor-size-xl{font-size:39px}.elementor-widget-heading .elementor-heading-title.elementor-size-xxl{font-size:59px}<\/style>\n<h1>Politique de confidentialit\u00e9<\/h1>\n<h2>1. l&#8217;avis juridique<\/h2>\n<p>Le domaine Internet andarserveis.com, ainsi que tous les droits de propri\u00e9t\u00e9 intellectuelle ou industrielle du site Web, sa conception, ses logos, ses signes distinctifs et ses contenus sont la propri\u00e9t\u00e9 de Grup Andar SL avec NRT L-313330-N et si\u00e8ge social \u00e0 Avd Joan Marti 131 Escalera A 4\u00ba3 &#8211; Encamp.<\/p>\n<ul>\n<li style=\"font-weight: 400;\" aria-level=\"1\">L&#8217;utilisateur, en acc\u00e9dant \u00e0 tous les contenus qui font partie du site web, peut visiter, obtenir des informations sur les services, envoyer des communications, etc.  <\/li>\n<li style=\"font-weight: 400;\" aria-level=\"1\">Cet acc\u00e8s implique l&#8217;acceptation pleine et enti\u00e8re de toutes les dispositions et conditions d&#8217;utilisation contenues dans le pr\u00e9sent avis juridique. L&#8217;objectif de ce site est de fournir aux clients et\/ou utilisateurs des informations sur les produits et services offerts par Andar Serveis.  <\/li>\n<li style=\"font-weight: 400;\" aria-level=\"1\">Andar Serveis se r\u00e9serve le droit de modifier et de mettre \u00e0 jour l&#8217;information contenue sur le site web ou sa configuration et\/ou pr\u00e9sentation \u00e0 tout moment et sans pr\u00e9avis.<\/li>\n<li style=\"font-weight: 400;\" aria-level=\"1\">Andar Serveis n&#8217;est pas responsable du mauvais fonctionnement de son portail web d\u00fb \u00e0 des causes qui lui sont imputables telles que des travaux de maintenance, des incidents affectant les op\u00e9rateurs internationaux, une configuration d\u00e9fectueuse de l&#8217;\u00e9quipement de l&#8217;utilisateur ou l&#8217;incapacit\u00e9 de supporter les syst\u00e8mes informatiques indispensables pour pouvoir utiliser le service.<\/li>\n<li style=\"font-weight: 400;\" aria-level=\"1\">Ce site Web est exploit\u00e9 depuis la Principaut\u00e9 d&#8217;Andorre et ses conditions d&#8217;utilisation sont r\u00e9gies par les lois de la Principaut\u00e9 d&#8217;Andorre. Les parties se soumettent \u00e0 la comp\u00e9tence exclusive des tribunaux andorrans, qui statueront conform\u00e9ment \u00e0 la loi en vigueur en Andorre.<b>  Principaut\u00e9 d&#8217;Andorre.<\/b><\/li>\n<\/ul>\n<h2>2. Dispositions g\u00e9n\u00e9rales :<\/h2>\n<p>Nous vous informons que toute donn\u00e9e personnelle <b>donn\u00e9es personnelles <\/b>que vous fournissez par l&#8217;interm\u00e9diaire de ce site web seront trait\u00e9es exclusivement par nous. <b>exclusivement <\/b>par <b>Grup Andar SL<\/b> en tant que responsable.<\/p>\n<ul>\n<li style=\"font-weight: 400;\" aria-level=\"1\">Grup Andar SL est le propri\u00e9taire de ce site web. Grup Andar SL vous informe que pour toute question relative \u00e0 la protection des donn\u00e9es, vous pouvez nous contacter dans notre section 4.<\/li>\n<li style=\"font-weight: 400;\" aria-level=\"1\">Seules les personnes \u00e2g\u00e9es de plus de 18 ans peuvent entrer en contact avec les produits et services propos\u00e9s par Grup Andar SL sur ce site Web et conclure des contrats avec eux. Si Grup Andar SL \u00e9tablit que les donn\u00e9es personnelles ont \u00e9t\u00e9 fournies par une personne \u00e2g\u00e9e de moins de 18 ans, ces donn\u00e9es seront imm\u00e9diatement supprim\u00e9es.<\/li>\n<li style=\"font-weight: 400;\" aria-level=\"1\">Vous ne devez pas fournir de donn\u00e9es personnelles (num\u00e9ro de compte, adresse &#8230;.) par l&#8217;interm\u00e9diaire de ce site web sans nous avoir contact\u00e9s au pr\u00e9alable. Toutes les donn\u00e9es personnelles ne sont demand\u00e9es que dans le cadre d&#8217;un contrat sign\u00e9 par les deux parties.<\/li>\n<\/ul>\n<h2>3. Fichier d\u00e9clar\u00e9 conform\u00e9ment \u00e0 la l\u00e9gislation andorrane aupr\u00e8s de l&#8217;Agence de protection des donn\u00e9es de la Principaut\u00e9 d&#8217;Andorre :<\/h2>\n<p>Conform\u00e9ment aux dispositions de la loi 15\/2003 du 18 d\u00e9cembre 2003 sur la protection des donn\u00e9es \u00e0 caract\u00e8re personnel (ci-apr\u00e8s, &#8220;LQDP&#8221;), et aux r\u00e8glements qui la d\u00e9veloppent, les utilisateurs de ce site Web sont inform\u00e9s que les donn\u00e9es personnelles fournies \u00e0 Grup Andar feront partie d&#8217;un fichier appartenant \u00e0 Grup Andar et d\u00fbment enregistr\u00e9 aupr\u00e8s de l&#8217;Agence de protection des donn\u00e9es de la Principaut\u00e9 d&#8217;Andorre.<\/p>\n<p>Ce site web et cette entreprise sont d\u00e9velopp\u00e9s et exploit\u00e9s depuis la Principaut\u00e9 d&#8217;Andorre, et leurs conditions d&#8217;utilisation sont r\u00e9gies par les lois de la Principaut\u00e9 d&#8217;Andorre. Les parties se soumettent \u00e0 la comp\u00e9tence exclusive des tribunaux andorrans, qui statueront conform\u00e9ment \u00e0 la loi en vigueur dans la Principaut\u00e9 d&#8217;Andorre.<\/p>\n<p>Responsable du traitement de vos donn\u00e9es personnelles, repr\u00e9sentant dans l&#8217;Union europ\u00e9enne et d\u00e9l\u00e9gu\u00e9 \u00e0 la protection des donn\u00e9es :<\/p>\n<p>Le responsable du traitement des donn\u00e9es est Grup Andar, dont l&#8217;identification et les coordonn\u00e9es sont d\u00e9taill\u00e9es dans la section 1 de la pr\u00e9sente politique de confidentialit\u00e9.<\/p>\n<p><strong>Responsabilit\u00e9 en mati\u00e8re de protection des donn\u00e9es :<\/strong><\/p>\n<p>Le Grup Andar est responsable de la protection des donn\u00e9es et peut \u00eatre contact\u00e9 par e-mail \u00e0 l&#8217;adresse info@andarsl.com ou info@andarserveis.com.<b> <\/b><\/p>\n<h2><b>5. Autres destinataires, y compris les prestataires de services :<\/b><\/h2>\n<p>Si cela est n\u00e9cessaire pour atteindre les objectifs des services demand\u00e9s, vos donn\u00e9es personnelles peuvent \u00eatre transmises aux cat\u00e9gories de destinataires suivantes :<\/p>\n<p>* Les prestataires de services avec lesquels Grup Andar SL a d\u00e9j\u00e0 conclu des contrats et qui doivent traiter vos donn\u00e9es personnelles en relation avec la finalit\u00e9 en question, ce qu&#8217;ils feront selon les instructions de cette entit\u00e9 et conform\u00e9ment \u00e0 sa politique de confidentialit\u00e9 et \u00e0 toutes les mesures de s\u00e9curit\u00e9 et de confidentialit\u00e9 appropri\u00e9es \u00e9tablies par la m\u00eame loi sur la protection des donn\u00e9es que Grup Andar SL.<\/p>\n<p>* Les administrations publiques comp\u00e9tentes, dans les cas pr\u00e9vus par la loi et aux fins qui y sont d\u00e9finies.<\/p>\n<p>* Les institutions financi\u00e8res par lesquelles s&#8217;articule la gestion des encaissements et des paiements.<\/p>\n<h2><b>Modifications de la politique de confidentialit\u00e9 :<\/b><\/h2>\n<p>La pr\u00e9sente politique de confidentialit\u00e9 est susceptible d&#8217;\u00eatre modifi\u00e9e de temps \u00e0 autre conform\u00e9ment \u00e0 la l\u00e9gislation applicable. En tout \u00e9tat de cause, toute modification de la pr\u00e9sente politique de confidentialit\u00e9 vous sera d\u00fbment notifi\u00e9e afin que vous soyez inform\u00e9 des changements apport\u00e9s et, le cas \u00e9ch\u00e9ant, que vous puissiez donner votre consentement expr\u00e8s \u00e0 ces changements.<\/p>\n","protected":false},"excerpt":{"rendered":"<p>Politique de confidentialit\u00e9 1. l&#8217;avis juridique Le domaine Internet andarserveis.com, ainsi que tous les droits de propri\u00e9t\u00e9 intellectuelle ou industrielle du site Web, sa conception, ses logos, ses signes distinctifs et ses contenus sont la propri\u00e9t\u00e9 de Grup Andar SL avec NRT L-313330-N et si\u00e8ge social \u00e0 Avd Joan Marti 131 Escalera A 4\u00ba3 &#8211; [&hellip;]<\/p>\n","protected":false},"author":1,"featured_media":0,"parent":0,"menu_order":0,"comment_status":"closed","ping_status":"closed","template":"","meta":{"_seopress_robots_primary_cat":"","_seopress_titles_title":"Politique de confidentialit\u00e9","_seopress_titles_desc":"Notre page sur la politique de confidentialit\u00e9","_seopress_robots_index":"oui","inline_featured_image":false,"footnotes":""},"class_list":["post-1007","page","type-page","status-publish","hentry"],"_links":{"self":[{"href":"https:\/\/andarserveis.com\/fr\/wp-json\/wp\/v2\/pages\/1007","targetHints":{"allow":["GET"]}}],"collection":[{"href":"https:\/\/andarserveis.com\/fr\/wp-json\/wp\/v2\/pages"}],"about":[{"href":"https:\/\/andarserveis.com\/fr\/wp-json\/wp\/v2\/types\/page"}],"author":[{"embeddable":true,"href":"https:\/\/andarserveis.com\/fr\/wp-json\/wp\/v2\/users\/1"}],"replies":[{"embeddable":true,"href":"https:\/\/andarserveis.com\/fr\/wp-json\/wp\/v2\/comments?post=1007"}],"version-history":[{"count":3,"href":"https:\/\/andarserveis.com\/fr\/wp-json\/wp\/v2\/pages\/1007\/revisions"}],"predecessor-version":[{"id":1010,"href":"https:\/\/andarserveis.com\/fr\/wp-json\/wp\/v2\/pages\/1007\/revisions\/1010"}],"wp:attachment":[{"href":"https:\/\/andarserveis.com\/fr\/wp-json\/wp\/v2\/media?parent=1007"}],"curies":[{"name":"wp","href":"https:\/\/api.w.org\/{rel}","templated":true}]}}