{"id":3659,"date":"2025-07-05T16:54:25","date_gmt":"2025-07-05T16:54:25","guid":{"rendered":"https:\/\/andarserveis.com\/management-of-tourist-apartments-and-second-residences\/"},"modified":"2025-08-11T09:19:55","modified_gmt":"2025-08-11T09:19:55","slug":"management-of-tourist-apartments-and-second-residences","status":"publish","type":"page","link":"https:\/\/andarserveis.com\/en\/management-of-tourist-apartments-and-second-residences\/","title":{"rendered":"Management of Tourist Apartments and Second Residences"},"content":{"rendered":"\n<p class=\"has-medium-font-size\"><strong>We take care of the complete management of your vacation apartment or the maintenance and supervision of your second home when you&#8217;re away.<\/strong><\/p>\n\n\n\n<h2 class=\"wp-block-heading\">Tourist Apartments<\/h2>\n\n\n\n<p class=\"has-text-align-center\"><strong>We offer personalized service that includes:<\/strong><\/p>\n\n\n<div class=\"wp-block-image\">\n<figure class=\"alignleft size-full is-resized\"><img decoding=\"async\" width=\"623\" height=\"438\" src=\"https:\/\/andarserveis.com\/wp-content\/uploads\/2025\/07\/Turist.png\" alt=\"\" class=\"wp-image-3653\" style=\"width:391px;height:auto\" srcset=\"https:\/\/andarserveis.com\/wp-content\/uploads\/2025\/07\/Turist.png 623w, https:\/\/andarserveis.com\/wp-content\/uploads\/2025\/07\/Turist-300x211.png 300w\" sizes=\"(max-width: 623px) 100vw, 623px\" \/><\/figure>\n<\/div>\n\n\n<p><br>We offer personalized service that includes:<br>\u2726 Professional check-in and check-out: We welcome your guests punctually and courteously, providing them with all the information they need for a comfortable stay.<br>\u2726 Cleaning and maintenance: We ensure each apartment is spotless before and after each reservation.<br>\u2726 Attention throughout their stay: We&#8217;ll be there for your guests with everything they need, from local recommendations to resolving unexpected issues.<br>\u2726 Reservation and communication management: We take care of guests from the first contact until they leave.<br>\u2726Material Control and Replenishment: We control and replenish, if necessary, materials such as toilet paper, cleaning products, and so on.<br>\u2726 Content and photo creation for our social media and website.<\/p>\n\n\n\n<h2 class=\"wp-block-heading\">Second home.<\/h2>\n\n\n<div class=\"wp-block-image\">\n<figure class=\"alignleft size-full is-resized\"><img decoding=\"async\" width=\"1024\" height=\"1024\" src=\"https:\/\/andarserveis.com\/wp-content\/uploads\/2024\/01\/Pisoenandorra_andarserveis.jpg\" alt=\"\" class=\"wp-image-2653\" style=\"width:244px;height:auto\" srcset=\"https:\/\/andarserveis.com\/wp-content\/uploads\/2024\/01\/Pisoenandorra_andarserveis.jpg 1024w, https:\/\/andarserveis.com\/wp-content\/uploads\/2024\/01\/Pisoenandorra_andarserveis-300x300.jpg 300w, https:\/\/andarserveis.com\/wp-content\/uploads\/2024\/01\/Pisoenandorra_andarserveis-150x150.jpg 150w, https:\/\/andarserveis.com\/wp-content\/uploads\/2024\/01\/Pisoenandorra_andarserveis-768x768.jpg 768w\" sizes=\"(max-width: 1024px) 100vw, 1024px\" \/><\/figure>\n<\/div>\n\n\n<p><br>\u2726 Secure key storage<br>\u2726 Regular cleaning and maintenance<br>\u2726 Facility supervision and mail collection<br>\u2726 Key delivery to family members or authorized personnel<br>\u2726 Regular monitoring to detect any incidents<br>\u2726 Service management (electricity, heating, water, etc.)<\/p>\n\n\n\n<p><\/p>\n\n\n\n<p class=\"has-text-align-center\"><strong>Don&#8217;t worry about anything. You enjoy, we take care.<\/strong><\/p>\n\n\n\n<p class=\"has-text-align-center has-medium-font-size\"><br><\/p>\n","protected":false},"excerpt":{"rendered":"<p>We take care of the complete management of your vacation apartment or the maintenance and supervision of your second home when you&#8217;re away. Tourist Apartments We offer personalized service that includes: We offer personalized service that includes:\u2726 Professional check-in and check-out: We welcome your guests punctually and courteously, providing them with all the information they [&hellip;]<\/p>\n","protected":false},"author":2,"featured_media":0,"parent":0,"menu_order":0,"comment_status":"closed","ping_status":"closed","template":"","meta":{"_seopress_robots_primary_cat":"","_seopress_titles_title":"Gesti\u00f3n de Apartamentos Tur\u00edsticos y Segunda Residencia","_seopress_titles_desc":"Gesti\u00f3n profesional de apartamentos tur\u00edsticos y segunda residencia en Andorra. Mantenimiento, limpieza y atenci\u00f3n personalizada para tu propiedad, est\u00e9s o no est\u00e9s y \r\ngestionamos tu apartamento tur\u00edstico en Andorra: check-in, limpieza, atenci\u00f3n al hu\u00e9sped y optimizaci\u00f3n de reservas. Disfruta de ingresos sin complicaciones.","_seopress_robots_index":"","_seopress_analysis_target_kw":"Gesti\u00f3n de apartamentos tur\u00edsticos:,administraci\u00f3n de pisos tur\u00edsticos,empresa de gesti\u00f3n tur\u00edstica en Andorra,servicios de gesti\u00f3n para viviendas tur\u00edsticas,gesti\u00f3n integral de alojamientos tur\u00edsticos,servicios para propietarios de apartamentos tur\u00edsticos,gesti\u00f3n de segunda residencia en Andorra,empresa de confianza para cuidar tu casa,segunda residencia segura y bien cuidada,servicios para propietarios de segunda vivienda en Andorra,asistencia para propietarios no residentes","inline_featured_image":false,"footnotes":""},"class_list":["post-3659","page","type-page","status-publish","hentry"],"_links":{"self":[{"href":"https:\/\/andarserveis.com\/en\/wp-json\/wp\/v2\/pages\/3659","targetHints":{"allow":["GET"]}}],"collection":[{"href":"https:\/\/andarserveis.com\/en\/wp-json\/wp\/v2\/pages"}],"about":[{"href":"https:\/\/andarserveis.com\/en\/wp-json\/wp\/v2\/types\/page"}],"author":[{"embeddable":true,"href":"https:\/\/andarserveis.com\/en\/wp-json\/wp\/v2\/users\/2"}],"replies":[{"embeddable":true,"href":"https:\/\/andarserveis.com\/en\/wp-json\/wp\/v2\/comments?post=3659"}],"version-history":[{"count":8,"href":"https:\/\/andarserveis.com\/en\/wp-json\/wp\/v2\/pages\/3659\/revisions"}],"predecessor-version":[{"id":3877,"href":"https:\/\/andarserveis.com\/en\/wp-json\/wp\/v2\/pages\/3659\/revisions\/3877"}],"wp:attachment":[{"href":"https:\/\/andarserveis.com\/en\/wp-json\/wp\/v2\/media?parent=3659"}],"curies":[{"name":"wp","href":"https:\/\/api.w.org\/{rel}","templated":true}]}}