{"id":935,"date":"2023-05-25T14:26:11","date_gmt":"2023-05-25T14:26:11","guid":{"rendered":"https:\/\/andarserveis.com\/politica-de-privadesa\/"},"modified":"2024-06-15T10:31:33","modified_gmt":"2024-06-15T10:31:33","slug":"politica-de-privadesa","status":"publish","type":"page","link":"https:\/\/andarserveis.com\/ca\/politica-de-privadesa\/","title":{"rendered":"Pol\u00edtica de privadesa"},"content":{"rendered":"<h1>Pol\u00edtica de privadesa<\/h1>\n<h2>1. Av\u00eds legal<\/h2>\n<p>El domini d&#8217;Internet andarserveis.com, aix\u00ed com tots els drets de propietat intel\u00b7lectual o industrial del lloc web, el disseny, logotips, signes distintius i continguts s\u00f3n propietat de Grup Andar SL amb NRT L-313330-N i amb domicili social a Avd. Joan Marti 131 Escala A 4t3 &#8211; Encamp<\/p>\n<ul>\n<li style=\"font-weight: 400;\" aria-level=\"1\">L&#8217;usuari, mitjan\u00e7ant l&#8217;acc\u00e9s a tots els continguts que formen part del lloc web, podeu visitar, obtenir informaci\u00f3 de serveis, dirigir comunicacions, etc.  <\/li>\n<li style=\"font-weight: 400;\" aria-level=\"1\">Aquest acc\u00e9s implica l&#8217;acceptaci\u00f3 plena i sense reserves de totes les disposicions i els termes d&#8217;\u00fas continguts en aquest av\u00eds legal. L&#8217;objectiu d&#8217;aquest lloc web \u00e9s oferir als clients i\/o usuaris informaci\u00f3 relativa a productes i serveis d&#8217;Andar Serveis  <\/li>\n<li style=\"font-weight: 400;\" aria-level=\"1\">Andar Serveis es reserva la facultat d&#8217;efectuar, en qualsevol moment i sense necessitat de previ av\u00eds, modificacions i actualitzacions de la informaci\u00f3 continguda al lloc web o de la configuraci\u00f3 i\/o presentaci\u00f3 del mateix.<\/li>\n<li style=\"font-weight: 400;\" aria-level=\"1\">Caminar Serveis No respon de l&#8217;inadequat funcionament del seu portal web per causes imputables com a tasques de manteniment, incid\u00e8ncies que afectin operadors internacionals, una configuraci\u00f3 defectuosa dels equipaments de l&#8217;usuari o la incapacitat per admetre els sistemes inform\u00e0tics indispensables per poder fer \u00fas del servei.<\/li>\n<li style=\"font-weight: 400;\" aria-level=\"1\">Aquest web opera des del Principat d&#8217;Andorra, i els seus termes d&#8217;\u00fas es regeixen per les lleis del Principat d&#8217;Andorra. Les parts se sotmeten a la jurisdicci\u00f3 exclusiva dels tribunals andorrans, que han de resoldre d&#8217;acord amb el dret vigent al<b>  Principat d\u00b4Andorra.<\/b><\/li>\n<\/ul>\n<h2>2. Disposicions generals:<\/h2>\n<p>Us informem que qualsevol <b>dada personal<\/b> que vost\u00e8 faciliti a trav\u00e9s d&#8217;aquest lloc web ser\u00e0 tractada <b>exclusivament<\/b> per <b>Grup Andar SL<\/b> en qualitat de responsable.<\/p>\n<ul>\n<li style=\"font-weight: 400;\" aria-level=\"1\">Grup Andar SL \u00e9s titular d&#8217;aquest lloc web. Grup Andar SL us informa que per a qualsevol q\u00fcesti\u00f3 relacionada amb la Protecci\u00f3 de Dades, podeu posar-vos en contacte amb nosaltres al nostre apartat 4.<\/li>\n<li style=\"font-weight: 400;\" aria-level=\"1\">El contacte i la contractaci\u00f3 de productes i serveis oferts a trav\u00e9s d&#8217;aquest lloc web per Grup Andar SL nom\u00e9s es pot fer per persones majors de 18 anys. En cas que Grup Andar SL comprovi que les dades personals han estat subministrades per un menor de 18 anys, es procedir\u00e0 a la seva eliminaci\u00f3 immediata.<\/li>\n<li style=\"font-weight: 400;\" aria-level=\"1\">No han de facilitar, a trav\u00e9s d&#8217;aquest lloc web, dades personals (n\u00fam. compte, adre\u00e7a\u2026.) sense que ens posem en contacte amb vost\u00e8 primer. Totes les dades personals nom\u00e9s es demanen amb contracte signat per ambdues parts.<\/li>\n<\/ul>\n<h2>3. Fitxer declarat de conformitat amb la legislaci\u00f3 andorrana davant de l&#8217;Ag\u00e8ncia de Protecci\u00f3 de Dades del Principat d&#8217;Andorra:<\/h2>\n<p>En compliment del que requereix la Llei 15\/2003, de 18 de desembre, Qualificada de Protecci\u00f3 de Dades Personals (d&#8217;ara endavant, &#8220;LQDP&#8221;), i amb els reglaments que la desenvolupen, s&#8217;informa els usuaris d&#8217;aquest lloc web que qualsevol dada personal facilitada a Grup Andar passar\u00e0 a formar part d&#8217;un arxiu titularitat de Grup Andar degudament inscrit a l&#8217;Ag\u00e8ncia de Protecci\u00f3 de Dades del Principat d&#8217;Andorra.<\/p>\n<p>Aquest lloc web i aquesta empresa es desenvolupen i actuen des del Principat d&#8217;Andorra, i els seus termes d&#8217;\u00fas es regeixen per les lleis del Principat d&#8217;Andorra. Les parts se sotmeten a la jurisdicci\u00f3 exclusiva dels tribunals andorrans, que han de resoldre dacord amb el dret vigent al Principat dAndorra.<\/p>\n<p>Responsable del tractament de les vostres dades personals, representant a la Uni\u00f3 Europea, i delegat de protecci\u00f3 de dades:<\/p>\n<p>La responsable del tractament \u00e9s Grup Andar , les dades d&#8217;identificaci\u00f3 i contacte es detallen a l&#8217;apartat 1 d&#8217;aquesta pol\u00edtica de privadesa.<\/p>\n<p><strong>Responsabilitat de Protecci\u00f3 de Dades:<\/strong><\/p>\n<p>La responsabilitat de protecci\u00f3 de dades \u00e9s de Grup Andar, a qui pot contactar per correu electr\u00f2nic info@andarsl.com o info@andarserveis.com<b> <\/b><\/p>\n<h2><b>5. Altres destinataris, inclosos prestadors de serveis:<\/b><\/h2>\n<p>En cas que, per aconseguir les finalitats dels serveis demanats, sigui necessari, les vostres dades personals es poden transmetre a les seg\u00fcents categories de destinataris:<\/p>\n<p>* Prove\u00efdors de serveis amb qu\u00e8 Grup Andar SL ja t\u00e9 contractes els quals hagin de processar les seves dades personals en relaci\u00f3 amb la finalitat de qu\u00e8 es tracti, cosa que realitzaran segons les instruccions d&#8217;aquesta entitat i de conformitat amb la seva pol\u00edtica de privadesa i qualsevol mesura de seguretat i confidencialitat apropiada que estableixi la mateixa llei de protecci\u00f3 de dades que Grup Andar SL.<\/p>\n<p>* Administracions p\u00fabliques competents, en els casos previstos a la Llei i per als fins en ella definits.<\/p>\n<p>* Entitats financeres a trav\u00e9s de les quals s&#8217;articuli la gesti\u00f3 de cobraments i pagaments.<\/p>\n<h2><b>Canvis a la Pol\u00edtica de Privadesa:<\/b><\/h2>\n<p>Aquesta pol\u00edtica de privadesa est\u00e0 subjecta a canvis eventuals d&#8217;acord amb la legislaci\u00f3 aplicable en cada moment. En qualsevol cas, qualsevol modificaci\u00f3 d&#8217;aquesta Pol\u00edtica de Privadesa us ser\u00e0 degudament notificada perqu\u00e8 vost\u00e8 quedi informat dels canvis produ\u00efts i, si escau, pugui atorgar el seu consentiment expr\u00e9s a aquests canvis.<\/p>\n","protected":false},"excerpt":{"rendered":"<p>Pol\u00edtica de privadesa 1. Av\u00eds legal El domini d&#8217;Internet andarserveis.com, aix\u00ed com tots els drets de propietat intel\u00b7lectual o industrial del lloc web, el disseny, logotips, signes distintius i continguts s\u00f3n propietat de Grup Andar SL amb NRT L-313330-N i amb domicili social a Avd. Joan Marti 131 Escala A 4t3 &#8211; Encamp L&#8217;usuari, mitjan\u00e7ant [&hellip;]<\/p>\n","protected":false},"author":1,"featured_media":0,"parent":0,"menu_order":0,"comment_status":"closed","ping_status":"closed","template":"","meta":{"_seopress_robots_primary_cat":"","_seopress_titles_title":"Pol\u00edtica de privadesa","_seopress_titles_desc":"La nostra p\u00e0gina de pol\u00edtica de privadesa","_seopress_robots_index":"yes","inline_featured_image":false,"footnotes":""},"class_list":["post-935","page","type-page","status-publish","hentry"],"_links":{"self":[{"href":"https:\/\/andarserveis.com\/ca\/wp-json\/wp\/v2\/pages\/935","targetHints":{"allow":["GET"]}}],"collection":[{"href":"https:\/\/andarserveis.com\/ca\/wp-json\/wp\/v2\/pages"}],"about":[{"href":"https:\/\/andarserveis.com\/ca\/wp-json\/wp\/v2\/types\/page"}],"author":[{"embeddable":true,"href":"https:\/\/andarserveis.com\/ca\/wp-json\/wp\/v2\/users\/1"}],"replies":[{"embeddable":true,"href":"https:\/\/andarserveis.com\/ca\/wp-json\/wp\/v2\/comments?post=935"}],"version-history":[{"count":3,"href":"https:\/\/andarserveis.com\/ca\/wp-json\/wp\/v2\/pages\/935\/revisions"}],"predecessor-version":[{"id":3012,"href":"https:\/\/andarserveis.com\/ca\/wp-json\/wp\/v2\/pages\/935\/revisions\/3012"}],"wp:attachment":[{"href":"https:\/\/andarserveis.com\/ca\/wp-json\/wp\/v2\/media?parent=935"}],"curies":[{"name":"wp","href":"https:\/\/api.w.org\/{rel}","templated":true}]}}