{"id":929,"date":"2023-05-25T08:11:47","date_gmt":"2023-05-25T08:11:47","guid":{"rendered":"https:\/\/andarserveis.com\/contacte\/"},"modified":"2025-08-11T15:06:02","modified_gmt":"2025-08-11T15:06:02","slug":"contacte","status":"publish","type":"page","link":"https:\/\/andarserveis.com\/ca\/contacte\/","title":{"rendered":"Contacta amb nosaltres !!"},"content":{"rendered":"<p><img decoding=\"async\" class=\"alignnone size-medium wp-image-3946 alignleft\" src=\"https:\/\/andarserveis.com\/wp-content\/uploads\/2025\/08\/ChatGPT-Image-11-ago-2025-12_55_42-300x200.png\" alt=\"\" width=\"300\" height=\"200\" srcset=\"https:\/\/andarserveis.com\/wp-content\/uploads\/2025\/08\/ChatGPT-Image-11-ago-2025-12_55_42-300x200.png 300w, https:\/\/andarserveis.com\/wp-content\/uploads\/2025\/08\/ChatGPT-Image-11-ago-2025-12_55_42-1024x683.png 1024w, https:\/\/andarserveis.com\/wp-content\/uploads\/2025\/08\/ChatGPT-Image-11-ago-2025-12_55_42-768x512.png 768w, https:\/\/andarserveis.com\/wp-content\/uploads\/2025\/08\/ChatGPT-Image-11-ago-2025-12_55_42.png 1536w\" sizes=\"(max-width: 300px) 100vw, 300px\" \/><strong style=\"font-size: revert; color: initial;\">Necessites ajuda? Som aqu\u00ed per a tu!<\/strong><\/p>\n<p>A Andar Serveis ens adaptem a les teves necessitats.<\/p>\n<p>Si necessites suport amb la gesti\u00f3 de la teva segona resid\u00e8ncia, enc\u00e0rrecs personals, neteja, lliuraments, reserves o altres serveis personalitzats, no dubtis a contactar-nos.<\/p>\n<p>Explica&#8217;ns qu\u00e8 necessites i nosaltres ens encarreguem.<\/p>\n<h2><strong>Demana el teu servei de forma f\u00e0cil i r\u00e0pida:<\/strong><\/h2>\n<p>? Tel\u00e8fon: +376 834 699<br \/>? Email: info@andarserveis.com<br \/>? WhatsApp: +376 834 699<\/p>\n<h3>Ens encantar\u00e0 ajudar-te!<\/h3>\n<p>Tamb\u00e9 pots trobar-nos a les nostres xarxes socials on compartim les \u00faltimes not\u00edcies i actualitzacions sobre Andar Serveis<\/p>\n<h3><a href=\"https:\/\/www.facebook.com\/people\/Andar-Serveis\/100083334191115\/\" target=\"_blank\" rel=\"noopener\"><img decoding=\"async\" class=\"alignnone  wp-image-3993\" src=\"https:\/\/andarserveis.com\/wp-content\/uploads\/2025\/08\/facebook-a.jpg\" alt=\"\" width=\"45\" height=\"59\" \/><\/a> <a href=\"https:\/\/www.instagram.com\/andarserveis\/?hl=es\" target=\"_blank\" rel=\"noopener\"><img decoding=\"async\" class=\"alignnone  wp-image-3998\" src=\"https:\/\/andarserveis.com\/wp-content\/uploads\/2025\/08\/instagram-a.jpg\" alt=\"\" width=\"45\" height=\"59\" \/><\/a> <a href=\"https:\/\/www.linkedin.com\/in\/carina-tamier-vacher-4a03167b\/\" target=\"_blank\" rel=\"noopener\"><img decoding=\"async\" class=\"alignnone  wp-image-4003\" src=\"https:\/\/andarserveis.com\/wp-content\/uploads\/2025\/08\/linkedin-a.jpg\" alt=\"\" width=\"45\" height=\"59\" \/><\/a><\/h3>\n\n\n<p><\/p>\n","protected":false},"excerpt":{"rendered":"<p>Contacta amb nosaltres !! El nostre equip datenci\u00f3 al client es compromet a proporcionar la millor experi\u00e8ncia possible. Si necessites assist\u00e8ncia, informaci\u00f3 sobre els nostres serveis o simplement vols saludar, no dubtis en posar-te en contacte amb nosaltres o enviar-nos un correu electr\u00f2nic a info@andarserveis.com Els nostres especialistes estan disposats a ajudar-te. Ens esforcem per respondre totes les consultes en un termini de 24 hores.<\/p>\n","protected":false},"author":1,"featured_media":2797,"parent":0,"menu_order":0,"comment_status":"closed","ping_status":"closed","template":"","meta":{"_seopress_robots_primary_cat":"","_seopress_titles_title":"Contacte , contactar , contacte Andar serveis , mail , tel, WhatsApp","_seopress_titles_desc":"Contacta amb nosaltres !! A Andar Serveis, estem sempre llestos per escoltar les teves preguntes, comentaris i suggeriments. El nostre equip datenci\u00f3 al client es compromet a proporcionar la millor experi\u00e8ncia possible. Si necessites assist\u00e8ncia, informaci\u00f3 sobre els nostres serveis o simplement vols saludar, no dubtis en posar-te en contacte amb nosaltres o enviar-nos un correu electr\u00f2nic a info@andarserveis.com Els nostres especialistes estan disposats a ajudar-te. Ens esforcem per respondre totes les consultes en un termini de 24 hores.","_seopress_robots_index":"","inline_featured_image":false,"footnotes":""},"class_list":["post-929","page","type-page","status-publish","has-post-thumbnail","hentry"],"_links":{"self":[{"href":"https:\/\/andarserveis.com\/ca\/wp-json\/wp\/v2\/pages\/929","targetHints":{"allow":["GET"]}}],"collection":[{"href":"https:\/\/andarserveis.com\/ca\/wp-json\/wp\/v2\/pages"}],"about":[{"href":"https:\/\/andarserveis.com\/ca\/wp-json\/wp\/v2\/types\/page"}],"author":[{"embeddable":true,"href":"https:\/\/andarserveis.com\/ca\/wp-json\/wp\/v2\/users\/1"}],"replies":[{"embeddable":true,"href":"https:\/\/andarserveis.com\/ca\/wp-json\/wp\/v2\/comments?post=929"}],"version-history":[{"count":23,"href":"https:\/\/andarserveis.com\/ca\/wp-json\/wp\/v2\/pages\/929\/revisions"}],"predecessor-version":[{"id":4018,"href":"https:\/\/andarserveis.com\/ca\/wp-json\/wp\/v2\/pages\/929\/revisions\/4018"}],"wp:featuredmedia":[{"embeddable":true,"href":"https:\/\/andarserveis.com\/ca\/wp-json\/wp\/v2\/media\/2797"}],"wp:attachment":[{"href":"https:\/\/andarserveis.com\/ca\/wp-json\/wp\/v2\/media?parent=929"}],"curies":[{"name":"wp","href":"https:\/\/api.w.org\/{rel}","templated":true}]}}