{"id":3648,"date":"2025-07-05T16:54:25","date_gmt":"2025-07-05T16:54:25","guid":{"rendered":"https:\/\/andarserveis.com\/gestio-dapartament-turistic-i-segona-residencia\/"},"modified":"2025-08-11T09:12:59","modified_gmt":"2025-08-11T09:12:59","slug":"gestio-dapartament-turistic-i-segona-residencia","status":"publish","type":"page","link":"https:\/\/andarserveis.com\/ca\/gestio-dapartament-turistic-i-segona-residencia\/","title":{"rendered":"Gesti\u00f3 d&#8217;Apartament Tur\u00edstic i Segona Resid\u00e8ncia"},"content":{"rendered":"\n<p class=\"has-medium-font-size\"><strong>Ens encarreguem de la gesti\u00f3 completa del teu apartament tur\u00edstic o del manteniment i supervisi\u00f3 de la teva segona resid\u00e8ncia quan tu no hi ets.<\/strong><\/p>\n\n\n\n<h2 class=\"wp-block-heading\"><strong>Apartaments Tur\u00edstics<\/strong><\/h2>\n\n\n\n<p class=\"has-text-align-center\"><strong>Oferim un servei personalitzat que inclou:<\/strong><\/p>\n\n\n<div class=\"wp-block-image\">\n<figure class=\"alignleft size-full is-resized\"><img decoding=\"async\" width=\"623\" height=\"438\" src=\"https:\/\/andarserveis.com\/wp-content\/uploads\/2025\/07\/Turist.png\" alt=\"\" class=\"wp-image-3653\" style=\"width:397px;height:auto\" srcset=\"https:\/\/andarserveis.com\/wp-content\/uploads\/2025\/07\/Turist.png 623w, https:\/\/andarserveis.com\/wp-content\/uploads\/2025\/07\/Turist-300x211.png 300w\" sizes=\"(max-width: 623px) 100vw, 623px\" \/><\/figure>\n<\/div>\n\n\n<p><br>Oferim un servei personalitzat que inclou:<br>\u2726 Check-in i check-out professional: rebem els teus hostes amb puntualitat i amabilitat, brindant-los tota la informaci\u00f3 necess\u00e0ria per a una estada c\u00f2moda.<br>\u2726 Neteja i manteniment: ens assegurem que cada apartament estigui impecable abans i despr\u00e9s de cada reserva.<br>\u2726 Atenci\u00f3 durant tota l&#8217;estada: acompanyem els hostes en all\u00f2 que necessitin, des de recomanacions locals fins a resoluci\u00f3 d&#8217;imprevistos.<br>\u2726 Gesti\u00f3 de reserves i comunicaci\u00f3: ens encarreguem d&#8217;atendre els hostes des del primer contacte fins al seu comiat.<br>\u2726Control i Reposici\u00f3 de material: controlem i reposem si \u00e9s necessari material com a paper wc, productes de neteja\u2026<br>\u2726 Creaci\u00f3 de contingut i fotos per a les nostres xarxes socials, web \u2026..<\/p>\n\n\n\n<h2 class=\"wp-block-heading\"><strong>Segona resid\u00e8ncia.<\/strong><\/h2>\n\n\n<div class=\"wp-block-image\">\n<figure class=\"alignleft size-full is-resized\"><img decoding=\"async\" width=\"1024\" height=\"1024\" src=\"https:\/\/andarserveis.com\/wp-content\/uploads\/2024\/01\/Pisoenandorra_andarserveis.jpg\" alt=\"\" class=\"wp-image-2652\" style=\"width:262px;height:auto\" srcset=\"https:\/\/andarserveis.com\/wp-content\/uploads\/2024\/01\/Pisoenandorra_andarserveis.jpg 1024w, https:\/\/andarserveis.com\/wp-content\/uploads\/2024\/01\/Pisoenandorra_andarserveis-300x300.jpg 300w, https:\/\/andarserveis.com\/wp-content\/uploads\/2024\/01\/Pisoenandorra_andarserveis-150x150.jpg 150w, https:\/\/andarserveis.com\/wp-content\/uploads\/2024\/01\/Pisoenandorra_andarserveis-768x768.jpg 768w\" sizes=\"(max-width: 1024px) 100vw, 1024px\" \/><\/figure>\n<\/div>\n\n\n<p><br>\u2726Cust\u00f2dia segura de claus<br>\u2726Neteja i manteniment regular<br>\u2726 Supervisi\u00f3 d&#8217;instal\u00b7lacions i recollida de correu<br>\u2726 Lliurament de claus a familiars o personal autoritzat<br>\u2726 Control peri\u00f2dic per detectar qualsevol incid\u00e8ncia<br>\u2726 Gesti\u00f3 de serveis (electricitat, calefacci\u00f3, aigua\u2026)<\/p>\n\n\n\n<p class=\"has-text-align-center has-medium-font-size\"><br><\/p>\n\n\n\n<p><\/p>\n\n\n\n<p class=\"has-text-align-center\"><strong>No et preocupis per res. Tu gaudeixes, nosaltres cuidem.<\/strong><\/p>\n","protected":false},"excerpt":{"rendered":"<p>Ens encarreguem de la gesti\u00f3 completa del teu apartament tur\u00edstic o del manteniment i supervisi\u00f3 de la teva segona resid\u00e8ncia quan tu no hi ets. Apartaments Tur\u00edstics Oferim un servei personalitzat que inclou: Oferim un servei personalitzat que inclou:\u2726 Check-in i check-out professional: rebem els teus hostes amb puntualitat i amabilitat, brindant-los tota la informaci\u00f3 [&hellip;]<\/p>\n","protected":false},"author":2,"featured_media":0,"parent":0,"menu_order":0,"comment_status":"closed","ping_status":"closed","template":"","meta":{"_seopress_robots_primary_cat":"","_seopress_titles_title":"Gesti\u00f3n de Apartamentos Tur\u00edsticos y Segunda Residencia","_seopress_titles_desc":"Gesti\u00f3n profesional de apartamentos tur\u00edsticos y segunda residencia en Andorra. Mantenimiento, limpieza y atenci\u00f3n personalizada para tu propiedad, est\u00e9s o no est\u00e9s y \r\ngestionamos tu apartamento tur\u00edstico en Andorra: check-in, limpieza, atenci\u00f3n al hu\u00e9sped y optimizaci\u00f3n de reservas. Disfruta de ingresos sin complicaciones.","_seopress_robots_index":"","_seopress_analysis_target_kw":"Gesti\u00f3n de apartamentos tur\u00edsticos:,administraci\u00f3n de pisos tur\u00edsticos,empresa de gesti\u00f3n tur\u00edstica en Andorra,servicios de gesti\u00f3n para viviendas tur\u00edsticas,gesti\u00f3n integral de alojamientos tur\u00edsticos,servicios para propietarios de apartamentos tur\u00edsticos,gesti\u00f3n de segunda residencia en Andorra,empresa de confianza para cuidar tu casa,segunda residencia segura y bien cuidada,servicios para propietarios de segunda vivienda en Andorra,asistencia para propietarios no residentes","inline_featured_image":false,"footnotes":""},"class_list":["post-3648","page","type-page","status-publish","hentry"],"_links":{"self":[{"href":"https:\/\/andarserveis.com\/ca\/wp-json\/wp\/v2\/pages\/3648","targetHints":{"allow":["GET"]}}],"collection":[{"href":"https:\/\/andarserveis.com\/ca\/wp-json\/wp\/v2\/pages"}],"about":[{"href":"https:\/\/andarserveis.com\/ca\/wp-json\/wp\/v2\/types\/page"}],"author":[{"embeddable":true,"href":"https:\/\/andarserveis.com\/ca\/wp-json\/wp\/v2\/users\/2"}],"replies":[{"embeddable":true,"href":"https:\/\/andarserveis.com\/ca\/wp-json\/wp\/v2\/comments?post=3648"}],"version-history":[{"count":13,"href":"https:\/\/andarserveis.com\/ca\/wp-json\/wp\/v2\/pages\/3648\/revisions"}],"predecessor-version":[{"id":3870,"href":"https:\/\/andarserveis.com\/ca\/wp-json\/wp\/v2\/pages\/3648\/revisions\/3870"}],"wp:attachment":[{"href":"https:\/\/andarserveis.com\/ca\/wp-json\/wp\/v2\/media?parent=3648"}],"curies":[{"name":"wp","href":"https:\/\/api.w.org\/{rel}","templated":true}]}}