{"id":3542,"date":"2025-07-03T14:38:35","date_gmt":"2025-07-03T14:38:35","guid":{"rendered":"https:\/\/andarserveis.com\/serveis-personalitzats-2\/"},"modified":"2025-08-11T10:24:01","modified_gmt":"2025-08-11T10:24:01","slug":"serveis-personalitzats-2","status":"publish","type":"page","link":"https:\/\/andarserveis.com\/ca\/serveis-personalitzats-2\/","title":{"rendered":"Serveis personalitzats"},"content":{"rendered":"\n<p><\/p>\n\n\n\n<p>Estalviar\u00e0 temps,<strong> energia<\/strong> i r<strong>ecursos valuosos<\/strong> per a la seva vida privada i guanya temps per gaudir m\u00e9s.<\/p>\n\n\n\n<p>Els <strong>serveis personalitzats<\/strong> estan pensats per satisfer les seves necessitats de manera \u00fanica i <strong>adaptada als seus gustos<\/strong> i prefer\u00e8ncies.<\/p>\n\n\n\n<p>Si un servei est\u00e0ndard, no \u00e9s suficient o no troba exactament el que necessita, escoltem els seus requeriments i desitjos per trobar la <strong>millor soluci\u00f3<\/strong> per satisfer totes les <strong>seves necessitats<\/strong>.<\/p>\n\n\n\n<p><strong>Compres personals i compra de regals<\/strong><\/p>\n\n\n\n<p><strong>No teniu temps per fer les vostres compres?<\/strong> Podemos hacerlo por usted.<\/p>\n\n\n<div class=\"wp-block-image\">\n<figure class=\"alignleft size-full is-resized\"><img decoding=\"async\" width=\"598\" height=\"347\" src=\"https:\/\/andarserveis.com\/wp-content\/uploads\/2023\/05\/personalizado.jpg\" alt=\"\" class=\"wp-image-892\" style=\"width:223px;height:auto\" srcset=\"https:\/\/andarserveis.com\/wp-content\/uploads\/2023\/05\/personalizado.jpg 598w, https:\/\/andarserveis.com\/wp-content\/uploads\/2023\/05\/personalizado-300x174.jpg 300w\" sizes=\"(max-width: 598px) 100vw, 598px\" \/><\/figure>\n<\/div>\n\n\n<p><\/p>\n\n\n\n<p>\u2726 Regals , aliments, roba, articles per a la llar, aparells, podem ajudar amb tot.<br>\u2726 Podem passar el temps investigant i obtenint productes de la m\u00e9s alta qualitat dins del pressupost que t\u00e9.<br>\u2726 Si heu de comprar un regal especial d&#8217;aniversari, aniversari o sorpresa i<br>no t\u00e9 idea de per on comen\u00e7ar, deixi&#8217;ns ajudar-lo<br>\u2726 Us fem recomanacions en funci\u00f3 dels requisits espec\u00edfics que tingueu i en funci\u00f3 dels gustos del destinatari.<br>\u2726Ens assegurem que el regal s&#8217;embolica i es lliuri en l&#8217;adre\u00e7a i la data indicada.<\/p>\n\n\n\n<p><\/p>\n\n\n\n<p><strong> No sol recordar aniversaris i altres dates clau?<\/strong> <\/p>\n\n\n\n<p>\u2726No us preocupeu, podem estar al corrent de totes aquestes dates i assegurar-nos que les targetes i els obsequis s&#8217;envi\u00efn a temps. <br>\u2726Mai m\u00e9s haur\u00e0 de disculpar-se o enviar targetes de &#8220;ho sento, ho vaig oblidar&#8221;<\/p>\n\n\n\n<p><strong>Qualsevol serveis personalitzat:<\/strong><\/p>\n\n\n\n<p>\u2726Sempre a l&#8217;escolta i en contacte permanent amb els nostres clients amb la major discreci\u00f3, tan sols us queda demanar-nos el vostre servei personalitzat. <br>\u2726Imagina el que podria significar per a la seva vida delegar tasques a un assistent i tenir m\u00e9s temps per simplement gaudir\u2026\u2026<\/p>\n\n\n\n<figure class=\"wp-block-gallery has-nested-images columns-default is-cropped wp-block-gallery-1 is-layout-flex wp-block-gallery-is-layout-flex\"><\/figure>\n","protected":false},"excerpt":{"rendered":"<p>Estalviar\u00e0 temps, energia i recursos valuosos per a la seva vida privada i guanya temps per gaudir m\u00e9s. Els serveis personalitzats estan pensats per satisfer les seves necessitats de manera \u00fanica i adaptada als seus gustos i prefer\u00e8ncies. Si un servei est\u00e0ndard, no \u00e9s suficient o no troba exactament el que necessita, escoltem els seus [&hellip;]<\/p>\n","protected":false},"author":2,"featured_media":0,"parent":0,"menu_order":0,"comment_status":"closed","ping_status":"closed","template":"","meta":{"_seopress_robots_primary_cat":"","_seopress_titles_title":"","_seopress_titles_desc":"","_seopress_robots_index":"","inline_featured_image":false,"footnotes":""},"class_list":["post-3542","page","type-page","status-publish","hentry"],"_links":{"self":[{"href":"https:\/\/andarserveis.com\/ca\/wp-json\/wp\/v2\/pages\/3542","targetHints":{"allow":["GET"]}}],"collection":[{"href":"https:\/\/andarserveis.com\/ca\/wp-json\/wp\/v2\/pages"}],"about":[{"href":"https:\/\/andarserveis.com\/ca\/wp-json\/wp\/v2\/types\/page"}],"author":[{"embeddable":true,"href":"https:\/\/andarserveis.com\/ca\/wp-json\/wp\/v2\/users\/2"}],"replies":[{"embeddable":true,"href":"https:\/\/andarserveis.com\/ca\/wp-json\/wp\/v2\/comments?post=3542"}],"version-history":[{"count":7,"href":"https:\/\/andarserveis.com\/ca\/wp-json\/wp\/v2\/pages\/3542\/revisions"}],"predecessor-version":[{"id":3918,"href":"https:\/\/andarserveis.com\/ca\/wp-json\/wp\/v2\/pages\/3542\/revisions\/3918"}],"wp:attachment":[{"href":"https:\/\/andarserveis.com\/ca\/wp-json\/wp\/v2\/media?parent=3542"}],"curies":[{"name":"wp","href":"https:\/\/api.w.org\/{rel}","templated":true}]}}