{"id":3510,"date":"2025-07-03T14:51:23","date_gmt":"2025-07-03T14:51:23","guid":{"rendered":"https:\/\/andarserveis.com\/guardaesquis\/"},"modified":"2025-08-11T10:36:35","modified_gmt":"2025-08-11T10:36:35","slug":"guardaesquis","status":"publish","type":"page","link":"https:\/\/andarserveis.com\/ca\/guardaesquis\/","title":{"rendered":"Guardaesqu\u00eds"},"content":{"rendered":"\n<p>A la nostra empresa, entenem com \u00e9s d&#8217;important per als amants de l&#8217;esqu\u00ed tenir un <strong>lloc segur<\/strong> per guardar el vostre equip durant <strong>tot l&#8217;any.<\/strong> \u00c9s per aix\u00f2 que oferim un servei de guarda esqu\u00ed disponible durant totes les estacions.<\/p>\n\n\n\n<p>El nostre servei de guarda esqu\u00ed compta amb <strong>seguretat i qualitat.<\/strong> <\/p>\n\n\n\n<p>Un <strong>guarda esqu\u00ed individual i personalitzat<\/strong> per a cada client, on podran emmagatzemar els seus esqu\u00eds, botes, casc\u2026.<\/p>\n\n\n\n<p> A m\u00e9s, ens preocupem de la comoditat dels nostres clients amb <strong>un servei de lliurament i recollida al lloc d&#8217;estada.<\/strong> Amb tan sols un WhatsApp o trucada ens ocupem que ho tingui tot per gaudir de l&#8217;esqu\u00ed i quan acaba ho recollim.<\/p>\n\n\n\n<p>Tamb\u00e9 oferim serveis addicionals, com ara manteniment i <strong>reparaci\u00f3 d&#8217;equips<\/strong>, perqu\u00e8 puguin mantenir el vostre equip en \u00f2ptimes condicions durant tot l&#8217;any.<\/p>\n\n\n\n<p>En resum, el nostre servei de guarda esqu\u00ed tot l&#8217;any ofereix seguretat, comoditat i conveni\u00e8ncia per als amants de l&#8217;esqu\u00ed. Si busqueu un lloc segur per guardar el vostre equip d&#8217;esqu\u00ed durant tot l&#8217;any, no dubteu a contactar-nos. Estarem encantats d&#8217;ajudar-vos. <\/p>\n\n\n\n<p><\/p>\n\n\n\n<p><strong>Guarda esqu\u00ed personalitzat a l&#8217;hivern<\/strong><\/p>\n\n\n<div class=\"wp-block-image\">\n<figure class=\"alignleft size-full is-resized\"><img decoding=\"async\" width=\"1024\" height=\"1024\" src=\"https:\/\/andarserveis.com\/wp-content\/uploads\/2023\/08\/ski-storage-wit-0.jpg\" alt=\"\" class=\"wp-image-1271\" style=\"width:236px;height:auto\" srcset=\"https:\/\/andarserveis.com\/wp-content\/uploads\/2023\/08\/ski-storage-wit-0.jpg 1024w, https:\/\/andarserveis.com\/wp-content\/uploads\/2023\/08\/ski-storage-wit-0-300x300.jpg 300w, https:\/\/andarserveis.com\/wp-content\/uploads\/2023\/08\/ski-storage-wit-0-150x150.jpg 150w, https:\/\/andarserveis.com\/wp-content\/uploads\/2023\/08\/ski-storage-wit-0-768x768.jpg 768w\" sizes=\"(max-width: 1024px) 100vw, 1024px\" \/><\/figure>\n<\/div>\n\n\n<p>\u2726 Us guardem els esqu\u00eds entre dues estades. <br>\u2726 El portem i recollim els seus esqu\u00eds al lloc de la seva estada.<br>\u2726 Cuidem les botes (assecades i desinfectades) mentre no esquia.<br>\u2726 Li posem a punt els seus esqu\u00eds (encerats, cants, etc)<\/p>\n\n\n\n<p><strong>Guarda esqu\u00ed personalitzat a l&#8217;estiu <\/strong><\/p>\n\n\n\n<p>\u2726 Tens poc lloc per guardar els teus esqu\u00eds a l&#8217;estiu.<br>\u2726 Els mantenim en un lloc sec.<br>\u2726 Ens ocupem del manteniment necessari dels esqu\u00eds i botes.<\/p>\n","protected":false},"excerpt":{"rendered":"<p>A la nostra empresa, entenem com \u00e9s d&#8217;important per als amants de l&#8217;esqu\u00ed tenir un lloc segur per guardar el vostre equip durant tot l&#8217;any. \u00c9s per aix\u00f2 que oferim un servei de guarda esqu\u00ed disponible durant totes les estacions. El nostre servei de guarda esqu\u00ed compta amb seguretat i qualitat. Un guarda esqu\u00ed individual [&hellip;]<\/p>\n","protected":false},"author":2,"featured_media":0,"parent":0,"menu_order":0,"comment_status":"closed","ping_status":"closed","template":"","meta":{"_seopress_robots_primary_cat":"","_seopress_titles_title":"","_seopress_titles_desc":"","_seopress_robots_index":"","inline_featured_image":false,"footnotes":""},"class_list":["post-3510","page","type-page","status-publish","hentry"],"_links":{"self":[{"href":"https:\/\/andarserveis.com\/ca\/wp-json\/wp\/v2\/pages\/3510","targetHints":{"allow":["GET"]}}],"collection":[{"href":"https:\/\/andarserveis.com\/ca\/wp-json\/wp\/v2\/pages"}],"about":[{"href":"https:\/\/andarserveis.com\/ca\/wp-json\/wp\/v2\/types\/page"}],"author":[{"embeddable":true,"href":"https:\/\/andarserveis.com\/ca\/wp-json\/wp\/v2\/users\/2"}],"replies":[{"embeddable":true,"href":"https:\/\/andarserveis.com\/ca\/wp-json\/wp\/v2\/comments?post=3510"}],"version-history":[{"count":2,"href":"https:\/\/andarserveis.com\/ca\/wp-json\/wp\/v2\/pages\/3510\/revisions"}],"predecessor-version":[{"id":3939,"href":"https:\/\/andarserveis.com\/ca\/wp-json\/wp\/v2\/pages\/3510\/revisions\/3939"}],"wp:attachment":[{"href":"https:\/\/andarserveis.com\/ca\/wp-json\/wp\/v2\/media?parent=3510"}],"curies":[{"name":"wp","href":"https:\/\/api.w.org\/{rel}","templated":true}]}}