{"id":3432,"date":"2025-07-02T17:36:27","date_gmt":"2025-07-02T17:36:27","guid":{"rendered":"https:\/\/andarserveis.com\/encarrecs-2\/"},"modified":"2026-01-24T15:30:39","modified_gmt":"2026-01-24T15:30:39","slug":"encarrecs-2","status":"publish","type":"page","link":"https:\/\/andarserveis.com\/ca\/encarrecs-2\/","title":{"rendered":"Servei de rec\u00e0rrecs"},"content":{"rendered":"\n<h2 class=\"wp-block-heading\"><strong>Servei de enc\u00e0rrecs a Andorra<\/strong><\/h2>\n\n<h4 class=\"wp-block-heading\">Un servei d&#8217;enc\u00e0rrecs personalitzat<\/h4>\n\n<p>A <strong>Andar Serveis<\/strong> oferim un <strong>servei de enc\u00e0rrecs i enc\u00e0rrecs a Andorra totalment personalitzat,<\/strong> pensat per ajudar-te quan no disposes de temps, mitjans o simplement prefereixes delegar amb tranquil\u00b7litat.<\/p>\n\n<p>Ens ocupem de les teves <strong>gestions personals, enc\u00e0rrecs i tasques quotidianes<\/strong>, actuant com la teva persona de confian\u00e7a a Andorra.<br\/>\u00c9s un servei especialment pensat <strong>per a gent gran, residents amb agendes ocupades<\/strong> i <strong>propietaris de segones resid\u00e8ncies.<\/strong><\/p>\n\n<p>   <\/p>\n<div class=\"wp-block-image\">\n<figure class=\"alignleft is-resized\"><img decoding=\"async\" src=\"https:\/\/andarserveis.com\/wp-content\/uploads\/2025\/06\/andarserveis_recados_andorra-300x300.png\" alt=\"serveis d'enc&#xE0;rrecs\" style=\"width:369px;height:auto\"\/><\/figure>\n<\/div>\n<h3 class=\"wp-block-heading\">Servicio de encargos y gestiones en Andorra<\/h3>\n\n<p>Necessites ajuda amb tasques que no pots fer per falta de temps, mobilitat o dist\u00e0ncia?<br\/>A Andar Serveis entenem que el dia a dia pot ser exigent. Per aix\u00f2, oferim un <strong>servei flexible d&#8217;enc\u00e0rrecs <\/strong>i <strong>assist\u00e8ncia personal a Andorra<\/strong>, adaptat a cada client. <\/p>\n\n<p>Ens fem c\u00e0rrec d&#8217;aquelles gestions que no pots o no desitges fer tu mateix, sempre amb discreci\u00f3, <strong>efic\u00e0cia i total confian\u00e7a.<\/strong><\/p>\n\n<p><strong>Quin tipus de enc\u00e0rrecs realitzem?<\/strong><\/p>\n\n<p>\u2726 Compres i enc\u00e0rrecs (supermercat, farm\u00e0cia, etc.)<br\/>\u2726 Recollida o entrega de paquets<br\/>\u2726 Tr\u00e0mits administratius o bancaris<br\/>\u2726 Acompanyament a cites o visites<br\/>\u2726 Assist\u00e8ncia a la llar (esperar t\u00e8cnics, petites gestions)<br\/>\u2726 Altres serveis personalitzats segons les teves necessitats<\/p>\n\n<p><strong>Un servei flexible, discret i adaptat a tu<\/strong><\/p>\n\n<p>Ens adaptem completament a les vostres necessitats. Tu ens indiquen qu\u00e8 necessites i nosaltres ens encarreguem de gestionar-ho per tu, amb la tranquil\u00b7litat de saber que tot queda en bones mans.<\/p>\n\n<p>\ud83d\udccd <strong>Som a Andorra<\/strong> i atenem tant <strong>residents <\/strong>com <strong>propietaris de segones resid\u00e8ncies<\/strong> que necessiten una persona de confian\u00e7a quan no hi s\u00f3n presents.<\/p>\n\n<p><strong>Confia a Andar Serveis per simplificar la teva vida i guanyar tranquil\u00b7litat.<\/strong><\/p>\n\n<p class=\"has-text-align-center\"><strong>Confia en nosaltres per simplificar la teva vida.<\/strong><\/p>\n<div class=\"wp-block-image\">\n<figure class=\"aligncenter size-full is-resized\"><a href=\"https:\/\/wa.me\/376834699\" target=\"_blank\" rel=\" noreferrer noopener\"><img decoding=\"async\" width=\"429\" height=\"117\" src=\"https:\/\/andarserveis.com\/wp-content\/uploads\/2026\/01\/image-1.png\" alt=\"\" class=\"wp-image-4138\" style=\"aspect-ratio:3.6671421778411792;width:197px;height:auto\" srcset=\"https:\/\/andarserveis.com\/wp-content\/uploads\/2026\/01\/image-1.png 429w, https:\/\/andarserveis.com\/wp-content\/uploads\/2026\/01\/image-1-300x82.png 300w\" sizes=\"(max-width: 429px) 100vw, 429px\" \/><\/a><\/figure>\n<\/div>","protected":false},"excerpt":{"rendered":"<p>Servei de enc\u00e0rrecs a Andorra Un servei d&#8217;enc\u00e0rrecs personalitzat A Andar Serveis oferim un servei de enc\u00e0rrecs i enc\u00e0rrecs a Andorra totalment personalitzat, pensat per ajudar-te quan no disposes de temps, mitjans o simplement prefereixes delegar amb tranquil\u00b7litat. Ens ocupem de les teves gestions personals, enc\u00e0rrecs i tasques quotidianes, actuant com la teva persona de [&hellip;]<\/p>\n","protected":false},"author":2,"featured_media":0,"parent":0,"menu_order":0,"comment_status":"closed","ping_status":"closed","template":"","meta":{"_seopress_robots_primary_cat":"","_seopress_titles_title":"","_seopress_titles_desc":"Gestionem els teus enc\u00e0rrecs personals i professionals a Andorra amb rapidesa, confian\u00e7a i tracte personalitzat. Estalvia temps i guanya tranquil\u00b7litat amb mans expertes. ","_seopress_robots_index":"","inline_featured_image":false,"footnotes":""},"class_list":["post-3432","page","type-page","status-publish","hentry"],"_links":{"self":[{"href":"https:\/\/andarserveis.com\/ca\/wp-json\/wp\/v2\/pages\/3432","targetHints":{"allow":["GET"]}}],"collection":[{"href":"https:\/\/andarserveis.com\/ca\/wp-json\/wp\/v2\/pages"}],"about":[{"href":"https:\/\/andarserveis.com\/ca\/wp-json\/wp\/v2\/types\/page"}],"author":[{"embeddable":true,"href":"https:\/\/andarserveis.com\/ca\/wp-json\/wp\/v2\/users\/2"}],"replies":[{"embeddable":true,"href":"https:\/\/andarserveis.com\/ca\/wp-json\/wp\/v2\/comments?post=3432"}],"version-history":[{"count":8,"href":"https:\/\/andarserveis.com\/ca\/wp-json\/wp\/v2\/pages\/3432\/revisions"}],"predecessor-version":[{"id":4152,"href":"https:\/\/andarserveis.com\/ca\/wp-json\/wp\/v2\/pages\/3432\/revisions\/4152"}],"wp:attachment":[{"href":"https:\/\/andarserveis.com\/ca\/wp-json\/wp\/v2\/media?parent=3432"}],"curies":[{"name":"wp","href":"https:\/\/api.w.org\/{rel}","templated":true}]}}